{"id":4878,"date":"2025-07-18T11:48:43","date_gmt":"2025-07-18T09:48:43","guid":{"rendered":"https:\/\/fas.it\/trabalhe-conosco\/"},"modified":"2026-01-26T15:35:15","modified_gmt":"2026-01-26T14:35:15","slug":"trabalhe-conosco","status":"publish","type":"page","link":"https:\/\/www.fas.it\/pt-pt\/trabalhe-conosco\/","title":{"rendered":"Trabalhe conosco"},"content":{"rendered":"\n<section class=\"block-hero-parallax\">\n  <div class=\"block-hero-parallax__image\">\n    <template x-if=\"$store.layout.isMobile\">\n      \n\n\n\n\t<span\n    x-ref=\"$el\"\n    :class=\"[\n      'base-image',\n      lazy ? '-is-lazy' : '',\n      loaded ? '-is-loaded' : ''\n    ]\"\n    data-lazy=\"true\"\n    x-intersect.once=\"onintersect\"\n    x-data=\"image\"\n    style=\"--w: 960; --h: 1080;\"\n    >\n\n  \t\t<picture class=\"base-image__picture\" x-ref=\"$picture\">\n\n\t\t\t\t\t\t\t<source media=\"(max-width: 1024px)\" data-srcset=\"https:\/\/www.fas.it\/app\/uploads\/2025\/12\/header1_960x1080-mobile_noname-910x1024.webp\" type=\"image\/webp\">\n\t\t\t\t<source media=\"(max-width: 1024px)\" data-srcset=\"https:\/\/www.fas.it\/app\/uploads\/2025\/12\/header1_960x1080-mobile_noname-910x1024.jpg\" type=\"image\/jpeg\">\n\t\t\t\t\t\t<source data-srcset=\"https:\/\/www.fas.it\/app\/uploads\/2025\/12\/header1_960x1080-mobile_noname.webp\" type=\"image\/webp\">\n\t\t\t<source data-srcset=\"https:\/\/www.fas.it\/app\/uploads\/2025\/12\/header1_960x1080-mobile_noname.jpg\" type=\"image\/jpeg\">\n\n\t\t\t\t\t\t\t<img x-ref=\"$image\" loading=\"lazy\" data-srcset=\"https:\/\/www.fas.it\/app\/uploads\/2025\/12\/header1_960x1080-mobile_noname@1x.jpg 1x, https:\/\/www.fas.it\/app\/uploads\/2025\/12\/header1_960x1080-mobile_noname@2x.jpg 2x, https:\/\/www.fas.it\/app\/uploads\/2025\/12\/header1_960x1080-mobile_noname@3x.jpg 3x, https:\/\/www.fas.it\/app\/uploads\/2025\/12\/header1_960x1080-mobile_noname@4x.jpg 4x\" data-src=\"https:\/\/www.fas.it\/app\/uploads\/2025\/12\/header1_960x1080-mobile_noname.jpg\" alt=\"header1_960x1080-mobile_noname\" width=\"960\" height=\"1080\" @load.once=\"onload\">\n\t\t\t\n\t\t<\/picture>\n\t<\/span>\n    <\/template>\n    <template x-if=\"!$store.layout.isMobile\">\n      \n\n\n\n\t<span\n    x-ref=\"$el\"\n    :class=\"[\n      'base-image',\n      lazy ? '-is-lazy' : '',\n      loaded ? '-is-loaded' : ''\n    ]\"\n    data-lazy=\"true\"\n    x-intersect.once=\"onintersect\"\n    x-data=\"image\"\n    style=\"--w: 1920; --h: 560;\"\n    >\n\n  \t\t<picture class=\"base-image__picture\" x-ref=\"$picture\">\n\n\t\t\t\t\t\t\t<source media=\"(max-width: 1024px)\" data-srcset=\"https:\/\/www.fas.it\/app\/uploads\/2025\/12\/header1_1920x560_noname-1024x299.webp\" type=\"image\/webp\">\n\t\t\t\t<source media=\"(max-width: 1024px)\" data-srcset=\"https:\/\/www.fas.it\/app\/uploads\/2025\/12\/header1_1920x560_noname-1024x299.jpg\" type=\"image\/jpeg\">\n\t\t\t\t\t\t<source data-srcset=\"https:\/\/www.fas.it\/app\/uploads\/2025\/12\/header1_1920x560_noname.webp\" type=\"image\/webp\">\n\t\t\t<source data-srcset=\"https:\/\/www.fas.it\/app\/uploads\/2025\/12\/header1_1920x560_noname.jpg\" type=\"image\/jpeg\">\n\n\t\t\t\t\t\t\t<img x-ref=\"$image\" loading=\"lazy\" data-srcset=\"https:\/\/www.fas.it\/app\/uploads\/2025\/12\/header1_1920x560_noname@1x.jpg 1x, https:\/\/www.fas.it\/app\/uploads\/2025\/12\/header1_1920x560_noname@2x.jpg 2x, https:\/\/www.fas.it\/app\/uploads\/2025\/12\/header1_1920x560_noname@3x.jpg 3x, https:\/\/www.fas.it\/app\/uploads\/2025\/12\/header1_1920x560_noname@4x.jpg 4x\" data-src=\"https:\/\/www.fas.it\/app\/uploads\/2025\/12\/header1_1920x560_noname.jpg\" alt=\"header1_1920x560_noname\" width=\"1920\" height=\"560\" @load.once=\"onload\">\n\t\t\t\n\t\t<\/picture>\n\t<\/span>\n    <\/template>\n  <\/div>\n  <div class=\"block-hero-parallax__row\">\n    <div class=\"block-hero-parallax__column\">\n      <h1 class=\"block-hero-parallax__title\" data-inview data-split>Fa\u00e7a parte do nosso futuro<\/h1>\n    <\/div>\n    <div class=\"block-hero-parallax__column\">\n      <h6 class=\"block-hero-parallax__subtitle\" data-inview>Na Fas, as pessoas fazem a diferen\u00e7a<\/h6>\n    <\/div>\n  <\/div>\n<\/section>\n\n\n\n\n<section class=\"block-spacer -bg-white -space-mega\">\n\n<\/section>\n\n\n\n\n<section  class=\"block-content-left -bg-white -content-mode-pretitle_and_title\">\n  <div class=\"block-content-left__row\">\n          <div class=\"block-content-left__column\">\n        <p class=\"block-content-left__pretitle\" data-inview>O nosso ambiente<\/p>\n        <hr>\n      <\/div>\n      <h2 class=\"block-content-left__title \" data-inview data-split>Somos uma empresa em cont\u00ednua evolu\u00e7\u00e3o, onde a inova\u00e7\u00e3o e a colabora\u00e7\u00e3o criam a nossa vis\u00e3o<\/h2>\n      <\/div>\n<\/section>\n\n\n\n\n<section class=\"block-spacer -bg-white -space-xxl\">\n\n<\/section>\n\n\n\n<section class=\"block-content-text-double-imgs -bg-white\">\n  <div class=\"block-content-text-double-imgs__row\">\n    <div class=\"block-content-text-double-imgs__column\">\n          <p class=\"block-content-text-double-imgs__text\" data-inview>Na FAS, acreditamos que a inova\u00e7\u00e3o vem das pessoas: das suas ideias, das suas compet\u00eancias, o seu desejo de criar solu\u00e7\u00f5es que fazem a diferen\u00e7a. Aqui, a tecnologia e o esp\u00edrito de equipa interligam-se, todos os dias, para criar um ambiente din\u00e2mico e orientado para o futuro. Junte-se a n\u00f3s para transformarmos a venda a retalho autom\u00e1tica, promovendo valor para as empresas, as comunidades e o meio ambiente.  <\/p>\n        <\/div>\n    <div class=\"block-content-text-double-imgs__column\">\n          \n\n\n\n\t<span\n    x-ref=\"$el\"\n    :class=\"[\n      'base-image',\n      lazy ? '-is-lazy' : '',\n      loaded ? '-is-loaded' : ''\n    ]\"\n    data-lazy=\"true\"\n    x-intersect.once=\"onintersect\"\n    x-data=\"image\"\n    style=\"--w: 906; --h: 1028;\"\n    >\n\n  \t\t<picture class=\"base-image__picture\" x-ref=\"$picture\">\n\n\t\t\t\t\t\t\t<source media=\"(max-width: 1024px)\" data-srcset=\"https:\/\/www.fas.it\/app\/uploads\/2025\/11\/fas-lavora-con-noi-img1-new-902x1024.webp\" type=\"image\/webp\">\n\t\t\t\t<source media=\"(max-width: 1024px)\" data-srcset=\"https:\/\/www.fas.it\/app\/uploads\/2025\/11\/fas-lavora-con-noi-img1-new-902x1024.jpg\" type=\"image\/jpeg\">\n\t\t\t\t\t\t<source data-srcset=\"https:\/\/www.fas.it\/app\/uploads\/2025\/11\/fas-lavora-con-noi-img1-new.webp\" type=\"image\/webp\">\n\t\t\t<source data-srcset=\"https:\/\/www.fas.it\/app\/uploads\/2025\/11\/fas-lavora-con-noi-img1-new.jpg\" type=\"image\/jpeg\">\n\n\t\t\t\t\t\t\t<img x-ref=\"$image\" loading=\"lazy\" data-srcset=\"https:\/\/www.fas.it\/app\/uploads\/2025\/11\/fas-lavora-con-noi-img1-new@1x.jpg 1x, https:\/\/www.fas.it\/app\/uploads\/2025\/11\/fas-lavora-con-noi-img1-new@2x.jpg 2x, https:\/\/www.fas.it\/app\/uploads\/2025\/11\/fas-lavora-con-noi-img1-new@3x.jpg 3x, https:\/\/www.fas.it\/app\/uploads\/2025\/11\/fas-lavora-con-noi-img1-new@4x.jpg 4x\" data-src=\"https:\/\/www.fas.it\/app\/uploads\/2025\/11\/fas-lavora-con-noi-img1-new.jpg\" alt=\"fas-lavora-con-noi-img1-new\" width=\"906\" height=\"1028\" @load.once=\"onload\">\n\t\t\t\n\t\t<\/picture>\n\t<\/span>\n        <\/div>\n    <div class=\"block-content-text-double-imgs__column\">\n          \n\n\n\n\t<span\n    x-ref=\"$el\"\n    :class=\"[\n      'base-image',\n      lazy ? '-is-lazy' : '',\n      loaded ? '-is-loaded' : ''\n    ]\"\n    data-lazy=\"true\"\n    x-intersect.once=\"onintersect\"\n    x-data=\"image\"\n    style=\"--w: 907; --h: 1028;\"\n    >\n\n  \t\t<picture class=\"base-image__picture\" x-ref=\"$picture\">\n\n\t\t\t\t\t\t\t<source media=\"(max-width: 1024px)\" data-srcset=\"https:\/\/www.fas.it\/app\/uploads\/2025\/10\/fas-lavora-con-noi-img2-min-903x1024.webp\" type=\"image\/webp\">\n\t\t\t\t<source media=\"(max-width: 1024px)\" data-srcset=\"https:\/\/www.fas.it\/app\/uploads\/2025\/10\/fas-lavora-con-noi-img2-min-903x1024.jpg\" type=\"image\/jpeg\">\n\t\t\t\t\t\t<source data-srcset=\"https:\/\/www.fas.it\/app\/uploads\/2025\/10\/fas-lavora-con-noi-img2-min.webp\" type=\"image\/webp\">\n\t\t\t<source data-srcset=\"https:\/\/www.fas.it\/app\/uploads\/2025\/10\/fas-lavora-con-noi-img2-min.jpg\" type=\"image\/jpeg\">\n\n\t\t\t\t\t\t\t<img x-ref=\"$image\" loading=\"lazy\" data-srcset=\"https:\/\/www.fas.it\/app\/uploads\/2025\/10\/fas-lavora-con-noi-img2-min@1x.jpg 1x, https:\/\/www.fas.it\/app\/uploads\/2025\/10\/fas-lavora-con-noi-img2-min@2x.jpg 2x, https:\/\/www.fas.it\/app\/uploads\/2025\/10\/fas-lavora-con-noi-img2-min@3x.jpg 3x, https:\/\/www.fas.it\/app\/uploads\/2025\/10\/fas-lavora-con-noi-img2-min@4x.jpg 4x\" data-src=\"https:\/\/www.fas.it\/app\/uploads\/2025\/10\/fas-lavora-con-noi-img2-min.jpg\" alt=\"fas-lavora-con-noi-img2-min\" width=\"907\" height=\"1028\" @load.once=\"onload\">\n\t\t\t\n\t\t<\/picture>\n\t<\/span>\n        <\/div>\n  <\/div>\n<\/section>\n\n\n\n<section class=\"block-spacer -bg-white -space-peta\">\n\n<\/section>\n\n\n\n\n<section class=\"block-banner-curriculum\" x-data=\"bannerCurriculum('risorseumane\\u0040fas.it')\">\n  <div class=\"block-banner-curriculum__row\">\n    <div>\n      <h4 class=\"block-banner-curriculum__title\" data-inview data-split>Copie este e-mail e envie a sua candidatura com o seu CV em anexo<\/h4>\n      <p class=\"block-banner-curriculum__text\" data-inview>Estamos \u00e0 procura de pessoas curiosas, apaixonadas e prontas para crescer connosco. Acreditamos no talento como motor da inova\u00e7\u00e3o e criamos percursos que valorizam as compet\u00eancias, as ideias e a diversidade: se partilha a nossa vis\u00e3o, aqui pode encontrar o seu lugar. <\/p>\n    <\/div>\n    <button\n        class=\"block-banner-curriculum__copy-button\"\n        @click=\"copyToClipboard()\"\n        :disabled=\"copied\"\n        title=\"Copia email\"\n      >\n      <div class=\"block-banner-curriculum__copy-area\">\n        <p class=\"block-banner-curriculum__email\">risorseumane@fas.it<\/p>\n          <span x-show=\"!copied\">\n            <svg xmlns=\"http:\/\/www.w3.org\/2000\/svg\" width=\"21\" height=\"20\" viewBox=\"0 0 21 20\" fill=\"none\">\n              <path d=\"M13.5732 13.125H17.3232V3.125H7.32324V6.875\" stroke=\"#fff\" stroke-linecap=\"round\" stroke-linejoin=\"round\"\/>\n              <path d=\"M13.5732 6.875H3.57324V16.875H13.5732V6.875Z\" stroke=\"#fff\" stroke-linecap=\"round\" stroke-linejoin=\"round\"\/>\n            <\/svg>\n          <\/span>\n          <span x-show=\"copied\" style=\"display: none;\">\n            Copiato!\n          <\/span>\n      <\/div>\n    <\/button>\n  <\/div>\n<\/section>\n\n\n\n\n<section class=\"block-spacer -bg-white -space-mega\">\n\n<\/section>\n\n\n\n\n<section class=\"block-launch-double\">\n      <div class=\"block-launch-double__single\">\n      \n\n\n\n\t<span\n    x-ref=\"$el\"\n    :class=\"[\n      'base-image',\n      lazy ? '-is-lazy' : '',\n      loaded ? '-is-loaded' : ''\n    ]\"\n    data-lazy=\"true\"\n    x-intersect.once=\"onintersect\"\n    x-data=\"image\"\n    style=\"--w: 1442; --h: 1693;\"\n    >\n\n  \t\t<picture class=\"base-image__picture\" x-ref=\"$picture\">\n\n\t\t\t\t\t\t\t<source media=\"(max-width: 1024px)\" data-srcset=\"https:\/\/www.fas.it\/app\/uploads\/2025\/10\/lancio-governance-fas-min-872x1024.webp\" type=\"image\/webp\">\n\t\t\t\t<source media=\"(max-width: 1024px)\" data-srcset=\"https:\/\/www.fas.it\/app\/uploads\/2025\/10\/lancio-governance-fas-min-872x1024.jpg\" type=\"image\/jpeg\">\n\t\t\t\t\t\t<source data-srcset=\"https:\/\/www.fas.it\/app\/uploads\/2025\/10\/lancio-governance-fas-min.webp\" type=\"image\/webp\">\n\t\t\t<source data-srcset=\"https:\/\/www.fas.it\/app\/uploads\/2025\/10\/lancio-governance-fas-min.jpg\" type=\"image\/jpeg\">\n\n\t\t\t\t\t\t\t<img x-ref=\"$image\" loading=\"lazy\" data-srcset=\"https:\/\/www.fas.it\/app\/uploads\/2025\/10\/lancio-governance-fas-min@1x.jpg 1x, https:\/\/www.fas.it\/app\/uploads\/2025\/10\/lancio-governance-fas-min@2x.jpg 2x, https:\/\/www.fas.it\/app\/uploads\/2025\/10\/lancio-governance-fas-min@3x.jpg 3x, https:\/\/www.fas.it\/app\/uploads\/2025\/10\/lancio-governance-fas-min@4x.jpg 4x\" data-src=\"https:\/\/www.fas.it\/app\/uploads\/2025\/10\/lancio-governance-fas-min.jpg\" alt=\"lancio-governance-fas-min\" width=\"1442\" height=\"1693\" @load.once=\"onload\">\n\t\t\t\n\t\t<\/picture>\n\t<\/span>\n      <div class=\"block-launch-double__row\">\n        <div class=\"block-launch-double__column\">\n          <h6 class=\"block-launch-double__title\" data-inview>Dito e feito.<\/h6>\n        <\/div>\n        <div class=\"block-launch-double__column\">\n          <p class=\"block-launch-double__text\" data-inview>Descubra como transformamos nossos valores em escolhas concretas, todos os dias. <\/p>\n                      \n\n\n<div class=\"\n    base-button\n    \n    -icon\n    -primary\n    \n  \">\n\t\t\t<a href=\"\/pt-pt\/governance\/\" aria-label=\"A nossa governa\u00e7\u00e3o\" target=\"_self\" class=\"base-button__wrapper\" >\n                <span class=\"base-button__label\">\n          A nossa governa\u00e7\u00e3o\n        <\/span>\n                  <span class=\"base-button__icon\">\n              \n  <span class=\"base-icon\"><svg width=\"24\" height=\"24\" viewBox=\"0 0 24 24\" fill=\"none\" xmlns=\"http:\/\/www.w3.org\/2000\/svg\">\n<path d=\"M4.63379 12H19.6338M19.6338 12L13.6338 6M19.6338 12L13.6338 18\" stroke=\"currentColor\" stroke-linecap=\"round\" stroke-linejoin=\"round\"\/>\n<\/svg>\n<\/span>\n          <\/span>\n        \t\t<\/a>\n  <\/div>\n                  <\/div>\n      <\/div>\n    <\/div>\n      <div class=\"block-launch-double__single\">\n      \n\n\n\n\t<span\n    x-ref=\"$el\"\n    :class=\"[\n      'base-image',\n      lazy ? '-is-lazy' : '',\n      loaded ? '-is-loaded' : ''\n    ]\"\n    data-lazy=\"true\"\n    x-intersect.once=\"onintersect\"\n    x-data=\"image\"\n    style=\"--w: 920; --h: 1080;\"\n    >\n\n  \t\t<picture class=\"base-image__picture\" x-ref=\"$picture\">\n\n\t\t\t\t\t\t\t<source media=\"(max-width: 1024px)\" data-srcset=\"https:\/\/www.fas.it\/app\/uploads\/2025\/10\/Ultimo-blocco-Angela-920x1080-1-872x1024.webp\" type=\"image\/webp\">\n\t\t\t\t<source media=\"(max-width: 1024px)\" data-srcset=\"https:\/\/www.fas.it\/app\/uploads\/2025\/10\/Ultimo-blocco-Angela-920x1080-1-872x1024.jpg\" type=\"image\/jpeg\">\n\t\t\t\t\t\t<source data-srcset=\"https:\/\/www.fas.it\/app\/uploads\/2025\/10\/Ultimo-blocco-Angela-920x1080-1.webp\" type=\"image\/webp\">\n\t\t\t<source data-srcset=\"https:\/\/www.fas.it\/app\/uploads\/2025\/10\/Ultimo-blocco-Angela-920x1080-1.jpg\" type=\"image\/jpeg\">\n\n\t\t\t\t\t\t\t<img x-ref=\"$image\" loading=\"lazy\" data-srcset=\"https:\/\/www.fas.it\/app\/uploads\/2025\/10\/Ultimo-blocco-Angela-920x1080-1@1x.jpg 1x, https:\/\/www.fas.it\/app\/uploads\/2025\/10\/Ultimo-blocco-Angela-920x1080-1@2x.jpg 2x, https:\/\/www.fas.it\/app\/uploads\/2025\/10\/Ultimo-blocco-Angela-920x1080-1@3x.jpg 3x, https:\/\/www.fas.it\/app\/uploads\/2025\/10\/Ultimo-blocco-Angela-920x1080-1@4x.jpg 4x\" data-src=\"https:\/\/www.fas.it\/app\/uploads\/2025\/10\/Ultimo-blocco-Angela-920x1080-1.jpg\" alt=\"Ultimo blocco Angela 920&#215;1080\" width=\"920\" height=\"1080\" @load.once=\"onload\">\n\t\t\t\n\t\t<\/picture>\n\t<\/span>\n      <div class=\"block-launch-double__row\">\n        <div class=\"block-launch-double__column\">\n          <h6 class=\"block-launch-double__title\" data-inview>Em que acreditamos<\/h6>\n        <\/div>\n        <div class=\"block-launch-double__column\">\n          <p class=\"block-launch-double__text\" data-inview>Saiba como estamos a melhorar constantemente, olhando para o futuro<\/p>\n                      \n\n\n<div class=\"\n    base-button\n    \n    -icon\n    -primary\n    \n  \">\n\t\t\t<a href=\"\/pt-pt\/a-nossa-visao\/\" aria-label=\"A nossa vis\u00e3o\" target=\"_self\" class=\"base-button__wrapper\" >\n                <span class=\"base-button__label\">\n          A nossa vis\u00e3o\n        <\/span>\n                  <span class=\"base-button__icon\">\n              \n  <span class=\"base-icon\"><svg width=\"24\" height=\"24\" viewBox=\"0 0 24 24\" fill=\"none\" xmlns=\"http:\/\/www.w3.org\/2000\/svg\">\n<path d=\"M4.63379 12H19.6338M19.6338 12L13.6338 6M19.6338 12L13.6338 18\" stroke=\"currentColor\" stroke-linecap=\"round\" stroke-linejoin=\"round\"\/>\n<\/svg>\n<\/span>\n          <\/span>\n        \t\t<\/a>\n  <\/div>\n                  <\/div>\n      <\/div>\n    <\/div>\n  <\/section>\n\n","protected":false},"excerpt":{"rendered":"","protected":false},"author":1,"featured_media":0,"parent":0,"menu_order":0,"comment_status":"closed","ping_status":"closed","template":"","meta":{"_acf_changed":false,"footnotes":""},"class_list":["post-4878","page","type-page","status-publish","hentry"],"acf":[],"yoast_head":"<!-- This site is optimized with the Yoast SEO plugin v23.9 - https:\/\/yoast.com\/wordpress\/plugins\/seo\/ -->\n<title>Trabalhe conosco - Fas international<\/title>\n<meta name=\"description\" content=\"Junte-se \u00e0 nossa equipe. Procuramos talentos e profissionais para integrar a nossa sede produtiva e comercial\" \/>\n<meta name=\"robots\" content=\"index, follow, max-snippet:-1, max-image-preview:large, max-video-preview:-1\" \/>\n<link rel=\"canonical\" href=\"https:\/\/www.fas.it\/pt-pt\/trabalhe-conosco\/\" \/>\n<meta property=\"og:locale\" content=\"pt_PT\" \/>\n<meta property=\"og:type\" content=\"article\" \/>\n<meta property=\"og:title\" content=\"Trabalhe conosco - Fas international\" \/>\n<meta property=\"og:description\" content=\"Junte-se \u00e0 nossa equipe. Procuramos talentos e profissionais para integrar a nossa sede produtiva e comercial\" \/>\n<meta property=\"og:url\" content=\"https:\/\/www.fas.it\/pt-pt\/trabalhe-conosco\/\" \/>\n<meta property=\"og:site_name\" content=\"Fas international\" \/>\n<meta property=\"article:modified_time\" content=\"2026-01-26T14:35:15+00:00\" \/>\n<meta name=\"twitter:card\" content=\"summary_large_image\" \/>\n<!-- \/ Yoast SEO plugin. -->","yoast_head_json":{"title":"Trabalhe conosco - Fas international","description":"Junte-se \u00e0 nossa equipe. Procuramos talentos e profissionais para integrar a nossa sede produtiva e comercial","robots":{"index":"index","follow":"follow","max-snippet":"max-snippet:-1","max-image-preview":"max-image-preview:large","max-video-preview":"max-video-preview:-1"},"canonical":"https:\/\/www.fas.it\/pt-pt\/trabalhe-conosco\/","og_locale":"pt_PT","og_type":"article","og_title":"Trabalhe conosco - Fas international","og_description":"Junte-se \u00e0 nossa equipe. Procuramos talentos e profissionais para integrar a nossa sede produtiva e comercial","og_url":"https:\/\/www.fas.it\/pt-pt\/trabalhe-conosco\/","og_site_name":"Fas international","article_modified_time":"2026-01-26T14:35:15+00:00","twitter_card":"summary_large_image","schema":{"@context":"https:\/\/schema.org","@graph":[{"@type":"WebPage","@id":"https:\/\/www.fas.it\/pt-pt\/trabalhe-conosco\/","url":"https:\/\/www.fas.it\/pt-pt\/trabalhe-conosco\/","name":"Trabalhe conosco - Fas international","isPartOf":{"@id":"https:\/\/www.fas.it\/pt-pt\/#website"},"datePublished":"2025-07-18T09:48:43+00:00","dateModified":"2026-01-26T14:35:15+00:00","description":"Junte-se \u00e0 nossa equipe. Procuramos talentos e profissionais para integrar a nossa sede produtiva e comercial","breadcrumb":{"@id":"https:\/\/www.fas.it\/pt-pt\/trabalhe-conosco\/#breadcrumb"},"inLanguage":"pt-PT","potentialAction":[{"@type":"ReadAction","target":["https:\/\/www.fas.it\/pt-pt\/trabalhe-conosco\/"]}]},{"@type":"BreadcrumbList","@id":"https:\/\/www.fas.it\/pt-pt\/trabalhe-conosco\/#breadcrumb","itemListElement":[{"@type":"ListItem","position":1,"name":"Home","item":"https:\/\/www.fas.it\/pt-pt\/"},{"@type":"ListItem","position":2,"name":"Trabalhe conosco"}]},{"@type":"WebSite","@id":"https:\/\/www.fas.it\/pt-pt\/#website","url":"https:\/\/www.fas.it\/pt-pt\/","name":"Fas international","description":"","potentialAction":[{"@type":"SearchAction","target":{"@type":"EntryPoint","urlTemplate":"https:\/\/www.fas.it\/pt-pt\/?s={search_term_string}"},"query-input":{"@type":"PropertyValueSpecification","valueRequired":true,"valueName":"search_term_string"}}],"inLanguage":"pt-PT"}]}},"_links":{"self":[{"href":"https:\/\/www.fas.it\/pt-pt\/wp-json\/wp\/v2\/pages\/4878","targetHints":{"allow":["GET"]}}],"collection":[{"href":"https:\/\/www.fas.it\/pt-pt\/wp-json\/wp\/v2\/pages"}],"about":[{"href":"https:\/\/www.fas.it\/pt-pt\/wp-json\/wp\/v2\/types\/page"}],"author":[{"embeddable":true,"href":"https:\/\/www.fas.it\/pt-pt\/wp-json\/wp\/v2\/users\/1"}],"replies":[{"embeddable":true,"href":"https:\/\/www.fas.it\/pt-pt\/wp-json\/wp\/v2\/comments?post=4878"}],"version-history":[{"count":5,"href":"https:\/\/www.fas.it\/pt-pt\/wp-json\/wp\/v2\/pages\/4878\/revisions"}],"predecessor-version":[{"id":5547,"href":"https:\/\/www.fas.it\/pt-pt\/wp-json\/wp\/v2\/pages\/4878\/revisions\/5547"}],"wp:attachment":[{"href":"https:\/\/www.fas.it\/pt-pt\/wp-json\/wp\/v2\/media?parent=4878"}],"curies":[{"name":"wp","href":"https:\/\/api.w.org\/{rel}","templated":true}]}}