{"id":4854,"date":"2025-09-24T10:23:49","date_gmt":"2025-09-24T08:23:49","guid":{"rendered":"https:\/\/fas.it\/cookie-policy\/"},"modified":"2026-01-15T09:57:12","modified_gmt":"2026-01-15T08:57:12","slug":"cookie-policy","status":"publish","type":"page","link":"https:\/\/www.fas.it\/pt-pt\/cookie-policy\/","title":{"rendered":"Cookie policy"},"content":{"rendered":"\n<section class=\"cookie-policy\">\n  <h1 data-inview data-split>Pol\u00edtica de Cookies<\/h1>\n  <script id=\"CookieDeclaration\" src=\"https:\/\/consent.cookiebot.com\/2f6ea406-7f71-404a-963f-38b6441abbdc\/cd.js\" data-culture=\"pt-pt\" type=\"text\/javascript\" async><\/script>\n<\/section>\n","protected":false},"excerpt":{"rendered":"","protected":false},"author":1,"featured_media":0,"parent":0,"menu_order":0,"comment_status":"closed","ping_status":"closed","template":"","meta":{"_acf_changed":false,"footnotes":""},"class_list":["post-4854","page","type-page","status-publish","hentry"],"acf":[],"yoast_head":"<!-- This site is optimized with the Yoast SEO plugin v23.9 - https:\/\/yoast.com\/wordpress\/plugins\/seo\/ -->\n<title>Cookie policy - Fas international<\/title>\n<meta name=\"description\" content=\"Transpar\u00eancia e privacidade. Informa\u00e7\u00f5es detalhadas sobre o uso de cookies t\u00e9cnicos e de perfil neste site.\" \/>\n<meta name=\"robots\" content=\"index, follow, max-snippet:-1, max-image-preview:large, max-video-preview:-1\" \/>\n<link rel=\"canonical\" href=\"https:\/\/www.fas.it\/pt-pt\/cookie-policy\/\" \/>\n<meta property=\"og:locale\" content=\"pt_PT\" \/>\n<meta property=\"og:type\" content=\"article\" \/>\n<meta property=\"og:title\" content=\"Cookie policy - Fas international\" \/>\n<meta property=\"og:description\" content=\"Transpar\u00eancia e privacidade. Informa\u00e7\u00f5es detalhadas sobre o uso de cookies t\u00e9cnicos e de perfil neste site.\" \/>\n<meta property=\"og:url\" content=\"https:\/\/www.fas.it\/pt-pt\/cookie-policy\/\" \/>\n<meta property=\"og:site_name\" content=\"Fas international\" \/>\n<meta property=\"article:modified_time\" content=\"2026-01-15T08:57:12+00:00\" \/>\n<meta name=\"twitter:card\" content=\"summary_large_image\" \/>\n<!-- \/ Yoast SEO plugin. -->","yoast_head_json":{"title":"Cookie policy - Fas international","description":"Transpar\u00eancia e privacidade. Informa\u00e7\u00f5es detalhadas sobre o uso de cookies t\u00e9cnicos e de perfil neste site.","robots":{"index":"index","follow":"follow","max-snippet":"max-snippet:-1","max-image-preview":"max-image-preview:large","max-video-preview":"max-video-preview:-1"},"canonical":"https:\/\/www.fas.it\/pt-pt\/cookie-policy\/","og_locale":"pt_PT","og_type":"article","og_title":"Cookie policy - Fas international","og_description":"Transpar\u00eancia e privacidade. Informa\u00e7\u00f5es detalhadas sobre o uso de cookies t\u00e9cnicos e de perfil neste site.","og_url":"https:\/\/www.fas.it\/pt-pt\/cookie-policy\/","og_site_name":"Fas international","article_modified_time":"2026-01-15T08:57:12+00:00","twitter_card":"summary_large_image","schema":{"@context":"https:\/\/schema.org","@graph":[{"@type":"WebPage","@id":"https:\/\/www.fas.it\/pt-pt\/cookie-policy\/","url":"https:\/\/www.fas.it\/pt-pt\/cookie-policy\/","name":"Cookie policy - Fas international","isPartOf":{"@id":"https:\/\/www.fas.it\/pt-pt\/#website"},"datePublished":"2025-09-24T08:23:49+00:00","dateModified":"2026-01-15T08:57:12+00:00","description":"Transpar\u00eancia e privacidade. Informa\u00e7\u00f5es detalhadas sobre o uso de cookies t\u00e9cnicos e de perfil neste site.","breadcrumb":{"@id":"https:\/\/www.fas.it\/pt-pt\/cookie-policy\/#breadcrumb"},"inLanguage":"pt-PT","potentialAction":[{"@type":"ReadAction","target":["https:\/\/www.fas.it\/pt-pt\/cookie-policy\/"]}]},{"@type":"BreadcrumbList","@id":"https:\/\/www.fas.it\/pt-pt\/cookie-policy\/#breadcrumb","itemListElement":[{"@type":"ListItem","position":1,"name":"Home","item":"https:\/\/www.fas.it\/pt-pt\/"},{"@type":"ListItem","position":2,"name":"Cookie policy"}]},{"@type":"WebSite","@id":"https:\/\/www.fas.it\/pt-pt\/#website","url":"https:\/\/www.fas.it\/pt-pt\/","name":"Fas international","description":"","potentialAction":[{"@type":"SearchAction","target":{"@type":"EntryPoint","urlTemplate":"https:\/\/www.fas.it\/pt-pt\/?s={search_term_string}"},"query-input":{"@type":"PropertyValueSpecification","valueRequired":true,"valueName":"search_term_string"}}],"inLanguage":"pt-PT"}]}},"_links":{"self":[{"href":"https:\/\/www.fas.it\/pt-pt\/wp-json\/wp\/v2\/pages\/4854","targetHints":{"allow":["GET"]}}],"collection":[{"href":"https:\/\/www.fas.it\/pt-pt\/wp-json\/wp\/v2\/pages"}],"about":[{"href":"https:\/\/www.fas.it\/pt-pt\/wp-json\/wp\/v2\/types\/page"}],"author":[{"embeddable":true,"href":"https:\/\/www.fas.it\/pt-pt\/wp-json\/wp\/v2\/users\/1"}],"replies":[{"embeddable":true,"href":"https:\/\/www.fas.it\/pt-pt\/wp-json\/wp\/v2\/comments?post=4854"}],"version-history":[{"count":1,"href":"https:\/\/www.fas.it\/pt-pt\/wp-json\/wp\/v2\/pages\/4854\/revisions"}],"predecessor-version":[{"id":4855,"href":"https:\/\/www.fas.it\/pt-pt\/wp-json\/wp\/v2\/pages\/4854\/revisions\/4855"}],"wp:attachment":[{"href":"https:\/\/www.fas.it\/pt-pt\/wp-json\/wp\/v2\/media?parent=4854"}],"curies":[{"name":"wp","href":"https:\/\/api.w.org\/{rel}","templated":true}]}}