{"id":3326,"date":"2025-07-18T11:48:43","date_gmt":"2025-07-18T09:48:43","guid":{"rendered":"https:\/\/fas.it\/lavora-con-noi\/"},"modified":"2025-12-11T18:37:39","modified_gmt":"2025-12-11T17:37:39","slug":"trabaja-con-nosotros","status":"publish","type":"page","link":"https:\/\/www.fas.it\/es\/trabaja-con-nosotros\/","title":{"rendered":"Trabaja con nosotros"},"content":{"rendered":"\n<section class=\"block-hero-parallax\">\n  <div class=\"block-hero-parallax__image\">\n    <template x-if=\"$store.layout.isMobile\">\n      \n\n\n\n\t<span\n    x-ref=\"$el\"\n    :class=\"[\n      'base-image',\n      lazy ? '-is-lazy' : '',\n      loaded ? '-is-loaded' : ''\n    ]\"\n    data-lazy=\"true\"\n    x-intersect.once=\"onintersect\"\n    x-data=\"image\"\n    style=\"--w: 960; --h: 1080;\"\n    >\n\n  \t\t<picture class=\"base-image__picture\" x-ref=\"$picture\">\n\n\t\t\t\t\t\t\t<source media=\"(max-width: 1024px)\" data-srcset=\"https:\/\/www.fas.it\/app\/uploads\/2025\/12\/header1_960x1080-mobile_noname-910x1024.webp\" type=\"image\/webp\">\n\t\t\t\t<source media=\"(max-width: 1024px)\" data-srcset=\"https:\/\/www.fas.it\/app\/uploads\/2025\/12\/header1_960x1080-mobile_noname-910x1024.jpg\" type=\"image\/jpeg\">\n\t\t\t\t\t\t<source data-srcset=\"https:\/\/www.fas.it\/app\/uploads\/2025\/12\/header1_960x1080-mobile_noname.webp\" type=\"image\/webp\">\n\t\t\t<source data-srcset=\"https:\/\/www.fas.it\/app\/uploads\/2025\/12\/header1_960x1080-mobile_noname.jpg\" type=\"image\/jpeg\">\n\n\t\t\t\t\t\t\t<img x-ref=\"$image\" loading=\"lazy\" data-srcset=\"https:\/\/www.fas.it\/app\/uploads\/2025\/12\/header1_960x1080-mobile_noname@1x.jpg 1x, https:\/\/www.fas.it\/app\/uploads\/2025\/12\/header1_960x1080-mobile_noname@2x.jpg 2x, https:\/\/www.fas.it\/app\/uploads\/2025\/12\/header1_960x1080-mobile_noname@3x.jpg 3x, https:\/\/www.fas.it\/app\/uploads\/2025\/12\/header1_960x1080-mobile_noname@4x.jpg 4x\" data-src=\"https:\/\/www.fas.it\/app\/uploads\/2025\/12\/header1_960x1080-mobile_noname.jpg\" alt=\"header1_960x1080-mobile_noname\" width=\"960\" height=\"1080\" @load.once=\"onload\">\n\t\t\t\n\t\t<\/picture>\n\t<\/span>\n    <\/template>\n    <template x-if=\"!$store.layout.isMobile\">\n      \n\n\n\n\t<span\n    x-ref=\"$el\"\n    :class=\"[\n      'base-image',\n      lazy ? '-is-lazy' : '',\n      loaded ? '-is-loaded' : ''\n    ]\"\n    data-lazy=\"true\"\n    x-intersect.once=\"onintersect\"\n    x-data=\"image\"\n    style=\"--w: 1920; --h: 560;\"\n    >\n\n  \t\t<picture class=\"base-image__picture\" x-ref=\"$picture\">\n\n\t\t\t\t\t\t\t<source media=\"(max-width: 1024px)\" data-srcset=\"https:\/\/www.fas.it\/app\/uploads\/2025\/12\/header1_1920x560_noname-1024x299.webp\" type=\"image\/webp\">\n\t\t\t\t<source media=\"(max-width: 1024px)\" data-srcset=\"https:\/\/www.fas.it\/app\/uploads\/2025\/12\/header1_1920x560_noname-1024x299.jpg\" type=\"image\/jpeg\">\n\t\t\t\t\t\t<source data-srcset=\"https:\/\/www.fas.it\/app\/uploads\/2025\/12\/header1_1920x560_noname.webp\" type=\"image\/webp\">\n\t\t\t<source data-srcset=\"https:\/\/www.fas.it\/app\/uploads\/2025\/12\/header1_1920x560_noname.jpg\" type=\"image\/jpeg\">\n\n\t\t\t\t\t\t\t<img x-ref=\"$image\" loading=\"lazy\" data-srcset=\"https:\/\/www.fas.it\/app\/uploads\/2025\/12\/header1_1920x560_noname@1x.jpg 1x, https:\/\/www.fas.it\/app\/uploads\/2025\/12\/header1_1920x560_noname@2x.jpg 2x, https:\/\/www.fas.it\/app\/uploads\/2025\/12\/header1_1920x560_noname@3x.jpg 3x, https:\/\/www.fas.it\/app\/uploads\/2025\/12\/header1_1920x560_noname@4x.jpg 4x\" data-src=\"https:\/\/www.fas.it\/app\/uploads\/2025\/12\/header1_1920x560_noname.jpg\" alt=\"header1_1920x560_noname\" width=\"1920\" height=\"560\" @load.once=\"onload\">\n\t\t\t\n\t\t<\/picture>\n\t<\/span>\n    <\/template>\n  <\/div>\n  <div class=\"block-hero-parallax__row\">\n    <div class=\"block-hero-parallax__column\">\n      <h1 class=\"block-hero-parallax__title\" data-inview data-split>Forma parte de nuestro futuro<\/h1>\n    <\/div>\n    <div class=\"block-hero-parallax__column\">\n      <h6 class=\"block-hero-parallax__subtitle\" data-inview>En Fas, las personas marcan la diferencia<\/h6>\n    <\/div>\n  <\/div>\n<\/section>\n\n\n\n\n<section class=\"block-spacer -bg-white -space-mega\">\n\n<\/section>\n\n\n\n\n<section  class=\"block-content-left -bg-white -content-mode-pretitle_and_title\">\n  <div class=\"block-content-left__row\">\n          <div class=\"block-content-left__column\">\n        <p class=\"block-content-left__pretitle\" data-inview>Nuestro entorno<\/p>\n        <hr>\n      <\/div>\n      <h2 class=\"block-content-left__title \" data-inview data-split>Somos una empresa en constante evoluci\u00f3n, la innovaci\u00f3n y la colaboraci\u00f3n dan forma a nuestra visi\u00f3n<\/h2>\n      <\/div>\n<\/section>\n\n\n\n\n<section class=\"block-spacer -bg-white -space-xxl\">\n\n<\/section>\n\n\n\n<section class=\"block-content-text-double-imgs -bg-white\">\n  <div class=\"block-content-text-double-imgs__row\">\n    <div class=\"block-content-text-double-imgs__column\">\n          <p class=\"block-content-text-double-imgs__text\" data-inview>En FAS creemos que la innovaci\u00f3n nace de las personas: de sus ideas, sus capacidades, su deseo de crear soluciones que marquen la diferencia. Aqu\u00ed la tecnolog\u00eda y el esp\u00edritu de equipo se entrelazan cada d\u00eda para construir un entorno din\u00e1mico y orientado al futuro. \u00danete a nosotros para transformar juntos el retail autom\u00e1tico, generando valor para empresas, comunidades y el ambiente.  <\/p>\n        <\/div>\n    <div class=\"block-content-text-double-imgs__column\">\n          \n\n\n\n\t<span\n    x-ref=\"$el\"\n    :class=\"[\n      'base-image',\n      lazy ? '-is-lazy' : '',\n      loaded ? '-is-loaded' : ''\n    ]\"\n    data-lazy=\"true\"\n    x-intersect.once=\"onintersect\"\n    x-data=\"image\"\n    style=\"--w: 906; --h: 1028;\"\n    >\n\n  \t\t<picture class=\"base-image__picture\" x-ref=\"$picture\">\n\n\t\t\t\t\t\t\t<source media=\"(max-width: 1024px)\" data-srcset=\"https:\/\/www.fas.it\/app\/uploads\/2025\/11\/fas-lavora-con-noi-img1-new-902x1024.webp\" type=\"image\/webp\">\n\t\t\t\t<source media=\"(max-width: 1024px)\" data-srcset=\"https:\/\/www.fas.it\/app\/uploads\/2025\/11\/fas-lavora-con-noi-img1-new-902x1024.jpg\" type=\"image\/jpeg\">\n\t\t\t\t\t\t<source data-srcset=\"https:\/\/www.fas.it\/app\/uploads\/2025\/11\/fas-lavora-con-noi-img1-new.webp\" type=\"image\/webp\">\n\t\t\t<source data-srcset=\"https:\/\/www.fas.it\/app\/uploads\/2025\/11\/fas-lavora-con-noi-img1-new.jpg\" type=\"image\/jpeg\">\n\n\t\t\t\t\t\t\t<img x-ref=\"$image\" loading=\"lazy\" data-srcset=\"https:\/\/www.fas.it\/app\/uploads\/2025\/11\/fas-lavora-con-noi-img1-new@1x.jpg 1x, https:\/\/www.fas.it\/app\/uploads\/2025\/11\/fas-lavora-con-noi-img1-new@2x.jpg 2x, https:\/\/www.fas.it\/app\/uploads\/2025\/11\/fas-lavora-con-noi-img1-new@3x.jpg 3x, https:\/\/www.fas.it\/app\/uploads\/2025\/11\/fas-lavora-con-noi-img1-new@4x.jpg 4x\" data-src=\"https:\/\/www.fas.it\/app\/uploads\/2025\/11\/fas-lavora-con-noi-img1-new.jpg\" alt=\"fas-lavora-con-noi-img1-new\" width=\"906\" height=\"1028\" @load.once=\"onload\">\n\t\t\t\n\t\t<\/picture>\n\t<\/span>\n        <\/div>\n    <div class=\"block-content-text-double-imgs__column\">\n          \n\n\n\n\t<span\n    x-ref=\"$el\"\n    :class=\"[\n      'base-image',\n      lazy ? '-is-lazy' : '',\n      loaded ? '-is-loaded' : ''\n    ]\"\n    data-lazy=\"true\"\n    x-intersect.once=\"onintersect\"\n    x-data=\"image\"\n    style=\"--w: 907; --h: 1028;\"\n    >\n\n  \t\t<picture class=\"base-image__picture\" x-ref=\"$picture\">\n\n\t\t\t\t\t\t\t<source media=\"(max-width: 1024px)\" data-srcset=\"https:\/\/www.fas.it\/app\/uploads\/2025\/10\/fas-lavora-con-noi-img2-min-903x1024.webp\" type=\"image\/webp\">\n\t\t\t\t<source media=\"(max-width: 1024px)\" data-srcset=\"https:\/\/www.fas.it\/app\/uploads\/2025\/10\/fas-lavora-con-noi-img2-min-903x1024.jpg\" type=\"image\/jpeg\">\n\t\t\t\t\t\t<source data-srcset=\"https:\/\/www.fas.it\/app\/uploads\/2025\/10\/fas-lavora-con-noi-img2-min.webp\" type=\"image\/webp\">\n\t\t\t<source data-srcset=\"https:\/\/www.fas.it\/app\/uploads\/2025\/10\/fas-lavora-con-noi-img2-min.jpg\" type=\"image\/jpeg\">\n\n\t\t\t\t\t\t\t<img x-ref=\"$image\" loading=\"lazy\" data-srcset=\"https:\/\/www.fas.it\/app\/uploads\/2025\/10\/fas-lavora-con-noi-img2-min@1x.jpg 1x, https:\/\/www.fas.it\/app\/uploads\/2025\/10\/fas-lavora-con-noi-img2-min@2x.jpg 2x, https:\/\/www.fas.it\/app\/uploads\/2025\/10\/fas-lavora-con-noi-img2-min@3x.jpg 3x, https:\/\/www.fas.it\/app\/uploads\/2025\/10\/fas-lavora-con-noi-img2-min@4x.jpg 4x\" data-src=\"https:\/\/www.fas.it\/app\/uploads\/2025\/10\/fas-lavora-con-noi-img2-min.jpg\" alt=\"fas-lavora-con-noi-img2-min\" width=\"907\" height=\"1028\" @load.once=\"onload\">\n\t\t\t\n\t\t<\/picture>\n\t<\/span>\n        <\/div>\n  <\/div>\n<\/section>\n\n\n\n<section class=\"block-spacer -bg-white -space-peta\">\n\n<\/section>\n\n\n\n\n<section class=\"block-banner-curriculum\" x-data=\"bannerCurriculum('risorseumane\\u0040fas.it')\">\n  <div class=\"block-banner-curriculum__row\">\n    <div>\n      <h4 class=\"block-banner-curriculum__title\" data-inview data-split>Copia este correo y env\u00eda tu candidatura adjuntando el CV<\/h4>\n      <p class=\"block-banner-curriculum__text\" data-inview>Buscamos personas curiosas, apasionadas y con ganas de crecer con nosotros. Creemos en el talento como motor de innovaci\u00f3n. Creamos trayectorias profesionales que valoran las capacidades, las ideas y la diversidad: si compartes nuestra visi\u00f3n, aqu\u00ed encontrar\u00e1s tu sitio. <\/p>\n    <\/div>\n    <button\n        class=\"block-banner-curriculum__copy-button\"\n        @click=\"copyToClipboard()\"\n        :disabled=\"copied\"\n        title=\"Copia email\"\n      >\n      <div class=\"block-banner-curriculum__copy-area\">\n        <p class=\"block-banner-curriculum__email\">risorseumane@fas.it<\/p>\n          <span x-show=\"!copied\">\n            <svg xmlns=\"http:\/\/www.w3.org\/2000\/svg\" width=\"21\" height=\"20\" viewBox=\"0 0 21 20\" fill=\"none\">\n              <path d=\"M13.5732 13.125H17.3232V3.125H7.32324V6.875\" stroke=\"#fff\" stroke-linecap=\"round\" stroke-linejoin=\"round\"\/>\n              <path d=\"M13.5732 6.875H3.57324V16.875H13.5732V6.875Z\" stroke=\"#fff\" stroke-linecap=\"round\" stroke-linejoin=\"round\"\/>\n            <\/svg>\n          <\/span>\n          <span x-show=\"copied\" style=\"display: none;\">\n            Copiato!\n          <\/span>\n      <\/div>\n    <\/button>\n  <\/div>\n<\/section>\n\n\n\n\n<section class=\"block-spacer -bg-white -space-mega\">\n\n<\/section>\n\n\n\n\n<section class=\"block-launch-double\">\n      <div class=\"block-launch-double__single\">\n      \n\n\n\n\t<span\n    x-ref=\"$el\"\n    :class=\"[\n      'base-image',\n      lazy ? '-is-lazy' : '',\n      loaded ? '-is-loaded' : ''\n    ]\"\n    data-lazy=\"true\"\n    x-intersect.once=\"onintersect\"\n    x-data=\"image\"\n    style=\"--w: 1442; --h: 1693;\"\n    >\n\n  \t\t<picture class=\"base-image__picture\" x-ref=\"$picture\">\n\n\t\t\t\t\t\t\t<source media=\"(max-width: 1024px)\" data-srcset=\"https:\/\/www.fas.it\/app\/uploads\/2025\/10\/lancio-governance-fas-min-872x1024.webp\" type=\"image\/webp\">\n\t\t\t\t<source media=\"(max-width: 1024px)\" data-srcset=\"https:\/\/www.fas.it\/app\/uploads\/2025\/10\/lancio-governance-fas-min-872x1024.jpg\" type=\"image\/jpeg\">\n\t\t\t\t\t\t<source data-srcset=\"https:\/\/www.fas.it\/app\/uploads\/2025\/10\/lancio-governance-fas-min.webp\" type=\"image\/webp\">\n\t\t\t<source data-srcset=\"https:\/\/www.fas.it\/app\/uploads\/2025\/10\/lancio-governance-fas-min.jpg\" type=\"image\/jpeg\">\n\n\t\t\t\t\t\t\t<img x-ref=\"$image\" loading=\"lazy\" data-srcset=\"https:\/\/www.fas.it\/app\/uploads\/2025\/10\/lancio-governance-fas-min@1x.jpg 1x, https:\/\/www.fas.it\/app\/uploads\/2025\/10\/lancio-governance-fas-min@2x.jpg 2x, https:\/\/www.fas.it\/app\/uploads\/2025\/10\/lancio-governance-fas-min@3x.jpg 3x, https:\/\/www.fas.it\/app\/uploads\/2025\/10\/lancio-governance-fas-min@4x.jpg 4x\" data-src=\"https:\/\/www.fas.it\/app\/uploads\/2025\/10\/lancio-governance-fas-min.jpg\" alt=\"lancio-governance-fas-min\" width=\"1442\" height=\"1693\" @load.once=\"onload\">\n\t\t\t\n\t\t<\/picture>\n\t<\/span>\n      <div class=\"block-launch-double__row\">\n        <div class=\"block-launch-double__column\">\n          <h6 class=\"block-launch-double__title\" data-inview>Dicho y hecho.<\/h6>\n        <\/div>\n        <div class=\"block-launch-double__column\">\n          <p class=\"block-launch-double__text\" data-inview>Descubre c\u00f3mo traducimos nuestros valores en decisiones concretas, cada d\u00eda. <\/p>\n                      \n\n\n<div class=\"\n    base-button\n    \n    -icon\n    -primary\n    \n  \">\n\t\t\t<a href=\"\/es\/governance\/\" aria-label=\"Nuestra gobernanza\" target=\"_self\" class=\"base-button__wrapper\" >\n                <span class=\"base-button__label\">\n          Nuestra gobernanza\n        <\/span>\n                  <span class=\"base-button__icon\">\n              \n  <span class=\"base-icon\"><svg width=\"24\" height=\"24\" viewBox=\"0 0 24 24\" fill=\"none\" xmlns=\"http:\/\/www.w3.org\/2000\/svg\">\n<path d=\"M4.63379 12H19.6338M19.6338 12L13.6338 6M19.6338 12L13.6338 18\" stroke=\"currentColor\" stroke-linecap=\"round\" stroke-linejoin=\"round\"\/>\n<\/svg>\n<\/span>\n          <\/span>\n        \t\t<\/a>\n  <\/div>\n                  <\/div>\n      <\/div>\n    <\/div>\n      <div class=\"block-launch-double__single\">\n      \n\n\n\n\t<span\n    x-ref=\"$el\"\n    :class=\"[\n      'base-image',\n      lazy ? '-is-lazy' : '',\n      loaded ? '-is-loaded' : ''\n    ]\"\n    data-lazy=\"true\"\n    x-intersect.once=\"onintersect\"\n    x-data=\"image\"\n    style=\"--w: 920; --h: 1080;\"\n    >\n\n  \t\t<picture class=\"base-image__picture\" x-ref=\"$picture\">\n\n\t\t\t\t\t\t\t<source media=\"(max-width: 1024px)\" data-srcset=\"https:\/\/www.fas.it\/app\/uploads\/2025\/10\/Ultimo-blocco-Angela-920x1080-1-872x1024.webp\" type=\"image\/webp\">\n\t\t\t\t<source media=\"(max-width: 1024px)\" data-srcset=\"https:\/\/www.fas.it\/app\/uploads\/2025\/10\/Ultimo-blocco-Angela-920x1080-1-872x1024.jpg\" type=\"image\/jpeg\">\n\t\t\t\t\t\t<source data-srcset=\"https:\/\/www.fas.it\/app\/uploads\/2025\/10\/Ultimo-blocco-Angela-920x1080-1.webp\" type=\"image\/webp\">\n\t\t\t<source data-srcset=\"https:\/\/www.fas.it\/app\/uploads\/2025\/10\/Ultimo-blocco-Angela-920x1080-1.jpg\" type=\"image\/jpeg\">\n\n\t\t\t\t\t\t\t<img x-ref=\"$image\" loading=\"lazy\" data-srcset=\"https:\/\/www.fas.it\/app\/uploads\/2025\/10\/Ultimo-blocco-Angela-920x1080-1@1x.jpg 1x, https:\/\/www.fas.it\/app\/uploads\/2025\/10\/Ultimo-blocco-Angela-920x1080-1@2x.jpg 2x, https:\/\/www.fas.it\/app\/uploads\/2025\/10\/Ultimo-blocco-Angela-920x1080-1@3x.jpg 3x, https:\/\/www.fas.it\/app\/uploads\/2025\/10\/Ultimo-blocco-Angela-920x1080-1@4x.jpg 4x\" data-src=\"https:\/\/www.fas.it\/app\/uploads\/2025\/10\/Ultimo-blocco-Angela-920x1080-1.jpg\" alt=\"Ultimo blocco Angela 920&#215;1080\" width=\"920\" height=\"1080\" @load.once=\"onload\">\n\t\t\t\n\t\t<\/picture>\n\t<\/span>\n      <div class=\"block-launch-double__row\">\n        <div class=\"block-launch-double__column\">\n          <h6 class=\"block-launch-double__title\" data-inview>En qu\u00e9 creemos<\/h6>\n        <\/div>\n        <div class=\"block-launch-double__column\">\n          <p class=\"block-launch-double__text\" data-inview>Descubre c\u00f3mo mejoramos constantemente, mirando al futuro<\/p>\n                      \n\n\n<div class=\"\n    base-button\n    \n    -icon\n    -primary\n    \n  \">\n\t\t\t<a href=\"\/es\/nuestra-vision\/\" aria-label=\"Nuestra visi\u00f3n\" target=\"_self\" class=\"base-button__wrapper\" >\n                <span class=\"base-button__label\">\n          Nuestra visi\u00f3n\n        <\/span>\n                  <span class=\"base-button__icon\">\n              \n  <span class=\"base-icon\"><svg width=\"24\" height=\"24\" viewBox=\"0 0 24 24\" fill=\"none\" xmlns=\"http:\/\/www.w3.org\/2000\/svg\">\n<path d=\"M4.63379 12H19.6338M19.6338 12L13.6338 6M19.6338 12L13.6338 18\" stroke=\"currentColor\" stroke-linecap=\"round\" stroke-linejoin=\"round\"\/>\n<\/svg>\n<\/span>\n          <\/span>\n        \t\t<\/a>\n  <\/div>\n                  <\/div>\n      <\/div>\n    <\/div>\n  <\/section>\n\n","protected":false},"excerpt":{"rendered":"","protected":false},"author":1,"featured_media":0,"parent":0,"menu_order":0,"comment_status":"closed","ping_status":"closed","template":"","meta":{"_acf_changed":false,"footnotes":""},"class_list":["post-3326","page","type-page","status-publish","hentry"],"acf":[],"yoast_head":"<!-- This site is optimized with the Yoast SEO plugin v23.9 - https:\/\/yoast.com\/wordpress\/plugins\/seo\/ -->\n<title>Trabaja con nosotros - Fas international<\/title>\n<meta name=\"description\" content=\"Crezca con nosotros. Buscamos talento en ingenier\u00eda y ventas. Vea las ofertas de trabajo actuales.\" \/>\n<meta name=\"robots\" content=\"index, follow, max-snippet:-1, max-image-preview:large, max-video-preview:-1\" \/>\n<link rel=\"canonical\" href=\"https:\/\/www.fas.it\/es\/trabaja-con-nosotros\/\" \/>\n<meta property=\"og:locale\" content=\"es_ES\" \/>\n<meta property=\"og:type\" content=\"article\" \/>\n<meta property=\"og:title\" content=\"Trabaja con nosotros - Fas international\" \/>\n<meta property=\"og:description\" content=\"Crezca con nosotros. Buscamos talento en ingenier\u00eda y ventas. Vea las ofertas de trabajo actuales.\" \/>\n<meta property=\"og:url\" content=\"https:\/\/www.fas.it\/es\/trabaja-con-nosotros\/\" \/>\n<meta property=\"og:site_name\" content=\"Fas international\" \/>\n<meta property=\"article:modified_time\" content=\"2025-12-11T17:37:39+00:00\" \/>\n<meta name=\"twitter:card\" content=\"summary_large_image\" \/>\n<!-- \/ Yoast SEO plugin. -->","yoast_head_json":{"title":"Trabaja con nosotros - Fas international","description":"Crezca con nosotros. Buscamos talento en ingenier\u00eda y ventas. Vea las ofertas de trabajo actuales.","robots":{"index":"index","follow":"follow","max-snippet":"max-snippet:-1","max-image-preview":"max-image-preview:large","max-video-preview":"max-video-preview:-1"},"canonical":"https:\/\/www.fas.it\/es\/trabaja-con-nosotros\/","og_locale":"es_ES","og_type":"article","og_title":"Trabaja con nosotros - Fas international","og_description":"Crezca con nosotros. Buscamos talento en ingenier\u00eda y ventas. Vea las ofertas de trabajo actuales.","og_url":"https:\/\/www.fas.it\/es\/trabaja-con-nosotros\/","og_site_name":"Fas international","article_modified_time":"2025-12-11T17:37:39+00:00","twitter_card":"summary_large_image","schema":{"@context":"https:\/\/schema.org","@graph":[{"@type":"WebPage","@id":"https:\/\/www.fas.it\/es\/trabaja-con-nosotros\/","url":"https:\/\/www.fas.it\/es\/trabaja-con-nosotros\/","name":"Trabaja con nosotros - Fas international","isPartOf":{"@id":"https:\/\/www.fas.it\/es\/#website"},"datePublished":"2025-07-18T09:48:43+00:00","dateModified":"2025-12-11T17:37:39+00:00","description":"Crezca con nosotros. Buscamos talento en ingenier\u00eda y ventas. Vea las ofertas de trabajo actuales.","breadcrumb":{"@id":"https:\/\/www.fas.it\/es\/trabaja-con-nosotros\/#breadcrumb"},"inLanguage":"es-ES","potentialAction":[{"@type":"ReadAction","target":["https:\/\/www.fas.it\/es\/trabaja-con-nosotros\/"]}]},{"@type":"BreadcrumbList","@id":"https:\/\/www.fas.it\/es\/trabaja-con-nosotros\/#breadcrumb","itemListElement":[{"@type":"ListItem","position":1,"name":"Home","item":"https:\/\/www.fas.it\/es\/"},{"@type":"ListItem","position":2,"name":"Trabaja con nosotros"}]},{"@type":"WebSite","@id":"https:\/\/www.fas.it\/es\/#website","url":"https:\/\/www.fas.it\/es\/","name":"Fas international","description":"","potentialAction":[{"@type":"SearchAction","target":{"@type":"EntryPoint","urlTemplate":"https:\/\/www.fas.it\/es\/?s={search_term_string}"},"query-input":{"@type":"PropertyValueSpecification","valueRequired":true,"valueName":"search_term_string"}}],"inLanguage":"es-ES"}]}},"_links":{"self":[{"href":"https:\/\/www.fas.it\/es\/wp-json\/wp\/v2\/pages\/3326","targetHints":{"allow":["GET"]}}],"collection":[{"href":"https:\/\/www.fas.it\/es\/wp-json\/wp\/v2\/pages"}],"about":[{"href":"https:\/\/www.fas.it\/es\/wp-json\/wp\/v2\/types\/page"}],"author":[{"embeddable":true,"href":"https:\/\/www.fas.it\/es\/wp-json\/wp\/v2\/users\/1"}],"replies":[{"embeddable":true,"href":"https:\/\/www.fas.it\/es\/wp-json\/wp\/v2\/comments?post=3326"}],"version-history":[{"count":5,"href":"https:\/\/www.fas.it\/es\/wp-json\/wp\/v2\/pages\/3326\/revisions"}],"predecessor-version":[{"id":4156,"href":"https:\/\/www.fas.it\/es\/wp-json\/wp\/v2\/pages\/3326\/revisions\/4156"}],"wp:attachment":[{"href":"https:\/\/www.fas.it\/es\/wp-json\/wp\/v2\/media?parent=3326"}],"curies":[{"name":"wp","href":"https:\/\/api.w.org\/{rel}","templated":true}]}}