{"id":3309,"date":"2025-09-24T10:23:49","date_gmt":"2025-09-24T08:23:49","guid":{"rendered":"https:\/\/fas.it\/politica-de-cookies\/"},"modified":"2025-12-11T18:34:35","modified_gmt":"2025-12-11T17:34:35","slug":"politica-de-cookies","status":"publish","type":"page","link":"https:\/\/www.fas.it\/es\/politica-de-cookies\/","title":{"rendered":"Pol\u00edtica de cookies"},"content":{"rendered":"\n<section class=\"cookie-policy\">\n  <h1 data-inview data-split>Pol\u00edtica de cookies<\/h1>\n  <script id=\"CookieDeclaration\" src=\"https:\/\/consent.cookiebot.com\/2f6ea406-7f71-404a-963f-38b6441abbdc\/cd.js\" data-culture=\"es\" type=\"text\/javascript\" async><\/script>\n<\/section>\n","protected":false},"excerpt":{"rendered":"","protected":false},"author":1,"featured_media":0,"parent":0,"menu_order":0,"comment_status":"closed","ping_status":"closed","template":"","meta":{"_acf_changed":false,"footnotes":""},"class_list":["post-3309","page","type-page","status-publish","hentry"],"acf":[],"yoast_head":"<!-- This site is optimized with the Yoast SEO plugin v23.9 - https:\/\/yoast.com\/wordpress\/plugins\/seo\/ -->\n<title>Pol\u00edtica de Cookies | FAS International<\/title>\n<meta name=\"description\" content=\"Transparencia digital. Informaci\u00f3n detallada sobre las cookies utilizadas en este sitio para mejorar su navegaci\u00f3n.\" \/>\n<meta name=\"robots\" content=\"index, follow, max-snippet:-1, max-image-preview:large, max-video-preview:-1\" \/>\n<link rel=\"canonical\" href=\"https:\/\/www.fas.it\/es\/politica-de-cookies\/\" \/>\n<meta property=\"og:locale\" content=\"es_ES\" \/>\n<meta property=\"og:type\" content=\"article\" \/>\n<meta property=\"og:title\" content=\"Pol\u00edtica de Cookies | FAS International\" \/>\n<meta property=\"og:description\" content=\"Transparencia digital. Informaci\u00f3n detallada sobre las cookies utilizadas en este sitio para mejorar su navegaci\u00f3n.\" \/>\n<meta property=\"og:url\" content=\"https:\/\/www.fas.it\/es\/politica-de-cookies\/\" \/>\n<meta property=\"og:site_name\" content=\"Fas international\" \/>\n<meta property=\"article:modified_time\" content=\"2025-12-11T17:34:35+00:00\" \/>\n<meta name=\"twitter:card\" content=\"summary_large_image\" \/>\n<!-- \/ Yoast SEO plugin. -->","yoast_head_json":{"title":"Pol\u00edtica de Cookies | FAS International","description":"Transparencia digital. Informaci\u00f3n detallada sobre las cookies utilizadas en este sitio para mejorar su navegaci\u00f3n.","robots":{"index":"index","follow":"follow","max-snippet":"max-snippet:-1","max-image-preview":"max-image-preview:large","max-video-preview":"max-video-preview:-1"},"canonical":"https:\/\/www.fas.it\/es\/politica-de-cookies\/","og_locale":"es_ES","og_type":"article","og_title":"Pol\u00edtica de Cookies | FAS International","og_description":"Transparencia digital. Informaci\u00f3n detallada sobre las cookies utilizadas en este sitio para mejorar su navegaci\u00f3n.","og_url":"https:\/\/www.fas.it\/es\/politica-de-cookies\/","og_site_name":"Fas international","article_modified_time":"2025-12-11T17:34:35+00:00","twitter_card":"summary_large_image","schema":{"@context":"https:\/\/schema.org","@graph":[{"@type":"WebPage","@id":"https:\/\/www.fas.it\/es\/politica-de-cookies\/","url":"https:\/\/www.fas.it\/es\/politica-de-cookies\/","name":"Pol\u00edtica de Cookies | FAS International","isPartOf":{"@id":"https:\/\/www.fas.it\/es\/#website"},"datePublished":"2025-09-24T08:23:49+00:00","dateModified":"2025-12-11T17:34:35+00:00","description":"Transparencia digital. Informaci\u00f3n detallada sobre las cookies utilizadas en este sitio para mejorar su navegaci\u00f3n.","breadcrumb":{"@id":"https:\/\/www.fas.it\/es\/politica-de-cookies\/#breadcrumb"},"inLanguage":"es-ES","potentialAction":[{"@type":"ReadAction","target":["https:\/\/www.fas.it\/es\/politica-de-cookies\/"]}]},{"@type":"BreadcrumbList","@id":"https:\/\/www.fas.it\/es\/politica-de-cookies\/#breadcrumb","itemListElement":[{"@type":"ListItem","position":1,"name":"Home","item":"https:\/\/www.fas.it\/es\/"},{"@type":"ListItem","position":2,"name":"Pol\u00edtica de cookies"}]},{"@type":"WebSite","@id":"https:\/\/www.fas.it\/es\/#website","url":"https:\/\/www.fas.it\/es\/","name":"Fas international","description":"","potentialAction":[{"@type":"SearchAction","target":{"@type":"EntryPoint","urlTemplate":"https:\/\/www.fas.it\/es\/?s={search_term_string}"},"query-input":{"@type":"PropertyValueSpecification","valueRequired":true,"valueName":"search_term_string"}}],"inLanguage":"es-ES"}]}},"_links":{"self":[{"href":"https:\/\/www.fas.it\/es\/wp-json\/wp\/v2\/pages\/3309","targetHints":{"allow":["GET"]}}],"collection":[{"href":"https:\/\/www.fas.it\/es\/wp-json\/wp\/v2\/pages"}],"about":[{"href":"https:\/\/www.fas.it\/es\/wp-json\/wp\/v2\/types\/page"}],"author":[{"embeddable":true,"href":"https:\/\/www.fas.it\/es\/wp-json\/wp\/v2\/users\/1"}],"replies":[{"embeddable":true,"href":"https:\/\/www.fas.it\/es\/wp-json\/wp\/v2\/comments?post=3309"}],"version-history":[{"count":1,"href":"https:\/\/www.fas.it\/es\/wp-json\/wp\/v2\/pages\/3309\/revisions"}],"predecessor-version":[{"id":3310,"href":"https:\/\/www.fas.it\/es\/wp-json\/wp\/v2\/pages\/3309\/revisions\/3310"}],"wp:attachment":[{"href":"https:\/\/www.fas.it\/es\/wp-json\/wp\/v2\/media?parent=3309"}],"curies":[{"name":"wp","href":"https:\/\/api.w.org\/{rel}","templated":true}]}}