{"id":3291,"date":"2025-11-12T11:13:01","date_gmt":"2025-11-12T10:13:01","guid":{"rendered":"https:\/\/fas.it\/ecodesign\/"},"modified":"2025-12-11T15:09:41","modified_gmt":"2025-12-11T14:09:41","slug":"ecodesign","status":"publish","type":"page","link":"https:\/\/www.fas.it\/en\/ecodesign\/","title":{"rendered":"Ecodesign"},"content":{"rendered":"<section class=\"ecodesign\">\n  <h1 data-inview data-split>Ecodesign<\/h1>\n  <p>\n  I prodotti FAS sono progettati e costruiti interamente in Italia. La nostra azienda \u00e8 da sempre attenta agli aspetti Eco-sostenibili del prodotto e soprattutto dei consumi energetici, dove la vera sfida \u00e8 riuscire ad ottenere risultati mantenendo alte le prestazioni della macchina, che opera nell\u2019ambito della gestione di prodotti alimentari deperibili (852\/2004\/EC).<br>\n  FAS opera conformemente ai Regolamenti 2019\/2018\/EU e 2019\/2024\/EU: per ogni informazione dettagliata vi suggeriamo di contattare il responsabile di area da cui avete acquistato il prodotto.<br>\n  Ricordiamo che documenti e dichiarazioni sono relativi alle macchine cos\u00ec come sono state prodotte dalla casa madre, qualsiasi modifica eventualmente apportata a posteriori da terzi, non \u00e8 in carico al produttore.\n  <\/p>\n  <p>\n  FAS products are designed and built entirely in Italy. Our company has always been attentive to the Eco-sustainable aspects of the product and above all to energy consumption, where the real challenge is to be able to achieve results while maintaining high performance of the machine, which operates in the management of perishable food products (852\/2004\/EC).<br>\n  FAS operates in accordance with Regulations 2019\/2018\/EU and 2019\/2024\/EU: for any detailed information we suggest you contact the area manager from whom you purchased the product.<br>\n  Please note that documents and declarations are referred to the machines as produced by the parent company, any modification which may be made retrospectively by third parties, is not under the responsibility of the manufacturer.\n  <\/p>\n  <p>\n  Los productos FAS est\u00e1n dise\u00f1ados y construidos \u00edntegramente en Italia. Nuestra empresa siempre ha estado atenta a los aspectos ecosostenibles del producto y, sobre todo, al consumo de energ\u00eda, donde el reto verdadero es poder obtener resultados manteniendo alto el rendimiento de la m\u00e1quina, que opera en la gesti\u00f3n de productos alimenticios perecederos (852\/2004\/CE).<br>\n  FAS opera de acuerdo con los Reglamentos 2019\/2018\/UE y 2019\/2024\/UE: para cualquier informaci\u00f3n detallada le sugerimos que se ponga en contacto con el responsable de \u00e1rea del cual compr\u00f3 el producto.<br>\n  Os recuerdo que los documentos y declaraciones son relativos a las m\u00e1quinas como producidas por la casa matriz, cualquier modificaci\u00f3n que puedan realizar retrospectivamente terceros, no es responsabilidad del fabricante.\n  <\/p>\n  <p>\n  Les produits FAS sont con\u00e7us et construits enti\u00e8rement en Italie. Notre soci\u00e9t\u00e9 a toujours \u00e9t\u00e9 attentive aux aspects \u00e9co-durables du produit et surtout \u00e0 la consommation d\u2019\u00e9nergie, o\u00f9 le v\u00e9ritable d\u00e9fi est de pouvoir obtenir des r\u00e9sultats tout en maintenant des performances \u00e9lev\u00e9es de la machine, qui g\u00e8re des produits alimentaires p\u00e9rissables (852\/2004\/CE).<br>\n  FAS agit conform\u00e9ment aux r\u00e8glements 2019\/2018\/UE et 2019\/2024\/UE : pour toute information d\u00e9taill\u00e9e, nous vous sugg\u00e9rons de contacter le responsable local aupr\u00e8s de qui vous avez achet\u00e9 le produit.<br>\n  Il ne faut pas oublier que les documents et d\u00e9clarations sont relatives aux machines comme produites par la soci\u00e9t\u00e9 m\u00e8re, toute modification qui peut \u00eatre apport\u00e9e r\u00e9trospectivement par des tiers, n\u2019est pas sous la responsabilit\u00e9 du fabricant.\n  <\/p>\n  <p>\n  FAS Produkte sind voll in Italien entwickelt und gebaut. Unser Unternehmen hat sich seit jeher um die umweltfreundlichen Aspekte des Produkts und vor allem um den Energieverbrauch geachtet, wo die eigentliche Herausforderung darin besteht, Ergebnisse zu erzielen und gleichzeitig eine hohe Leistung der Maschine zu erhalten, weil die im Management verderblicher Lebensmittel t\u00e4tig ist. (852\/2004\/EG).<br>\n  FAS arbeitet in \u00dcbereinstimmung mit den Verordnungen 2019\/2018\/EU und 2019\/2024\/EU: f\u00fcr detaillierte Informationen empfehlen wir Ihnen, sich an den Bereichsleiter zu wenden, bei dem Sie das Produkt gekauft haben.<br>\n  Alle Dokumente und Erkl\u00e4rungen gelten f\u00fcr die Maschinen, wie von der Muttergesellschaft hergestellt, jede \u00c4nderung, die nachtr\u00e4glich von Dritten vorgenommen werden kann, liegt nicht in der Verantwortung des Herstellers.\n  <\/p>\n<\/section>\n","protected":false},"excerpt":{"rendered":"","protected":false},"author":1,"featured_media":0,"parent":0,"menu_order":0,"comment_status":"closed","ping_status":"closed","template":"","meta":{"_acf_changed":false,"footnotes":""},"class_list":["post-3291","page","type-page","status-publish","hentry"],"acf":[],"yoast_head":"<!-- This site is optimized with the Yoast SEO plugin v23.9 - https:\/\/yoast.com\/wordpress\/plugins\/seo\/ -->\n<title>Ecodesign &amp; Sustainability | FAS Vending<\/title>\n<meta name=\"description\" content=\"Green vending is possible. Discover our energy-saving technologies, recyclable materials, and ISO 14001 certified production.\" \/>\n<meta name=\"robots\" content=\"index, follow, max-snippet:-1, max-image-preview:large, max-video-preview:-1\" \/>\n<link rel=\"canonical\" href=\"https:\/\/www.fas.it\/en\/ecodesign\/\" \/>\n<meta property=\"og:locale\" content=\"en_US\" \/>\n<meta property=\"og:type\" content=\"article\" \/>\n<meta property=\"og:title\" content=\"Ecodesign &amp; Sustainability | FAS Vending\" \/>\n<meta property=\"og:description\" content=\"Green vending is possible. Discover our energy-saving technologies, recyclable materials, and ISO 14001 certified production.\" \/>\n<meta property=\"og:url\" content=\"https:\/\/www.fas.it\/en\/ecodesign\/\" \/>\n<meta property=\"og:site_name\" content=\"Fas international\" \/>\n<meta property=\"article:modified_time\" content=\"2025-12-11T14:09:41+00:00\" \/>\n<meta name=\"twitter:card\" content=\"summary_large_image\" \/>\n<!-- \/ Yoast SEO plugin. -->","yoast_head_json":{"title":"Ecodesign & Sustainability | FAS Vending","description":"Green vending is possible. Discover our energy-saving technologies, recyclable materials, and ISO 14001 certified production.","robots":{"index":"index","follow":"follow","max-snippet":"max-snippet:-1","max-image-preview":"max-image-preview:large","max-video-preview":"max-video-preview:-1"},"canonical":"https:\/\/www.fas.it\/en\/ecodesign\/","og_locale":"en_US","og_type":"article","og_title":"Ecodesign & Sustainability | FAS Vending","og_description":"Green vending is possible. Discover our energy-saving technologies, recyclable materials, and ISO 14001 certified production.","og_url":"https:\/\/www.fas.it\/en\/ecodesign\/","og_site_name":"Fas international","article_modified_time":"2025-12-11T14:09:41+00:00","twitter_card":"summary_large_image","schema":{"@context":"https:\/\/schema.org","@graph":[{"@type":"WebPage","@id":"https:\/\/www.fas.it\/en\/ecodesign\/","url":"https:\/\/www.fas.it\/en\/ecodesign\/","name":"Ecodesign & Sustainability | FAS Vending","isPartOf":{"@id":"https:\/\/www.fas.it\/en\/#website"},"datePublished":"2025-11-12T10:13:01+00:00","dateModified":"2025-12-11T14:09:41+00:00","description":"Green vending is possible. Discover our energy-saving technologies, recyclable materials, and ISO 14001 certified production.","breadcrumb":{"@id":"https:\/\/www.fas.it\/en\/ecodesign\/#breadcrumb"},"inLanguage":"en-US","potentialAction":[{"@type":"ReadAction","target":["https:\/\/www.fas.it\/en\/ecodesign\/"]}]},{"@type":"BreadcrumbList","@id":"https:\/\/www.fas.it\/en\/ecodesign\/#breadcrumb","itemListElement":[{"@type":"ListItem","position":1,"name":"Home","item":"https:\/\/www.fas.it\/en\/"},{"@type":"ListItem","position":2,"name":"Ecodesign"}]},{"@type":"WebSite","@id":"https:\/\/www.fas.it\/en\/#website","url":"https:\/\/www.fas.it\/en\/","name":"Fas international","description":"","potentialAction":[{"@type":"SearchAction","target":{"@type":"EntryPoint","urlTemplate":"https:\/\/www.fas.it\/en\/?s={search_term_string}"},"query-input":{"@type":"PropertyValueSpecification","valueRequired":true,"valueName":"search_term_string"}}],"inLanguage":"en-US"}]}},"_links":{"self":[{"href":"https:\/\/www.fas.it\/en\/wp-json\/wp\/v2\/pages\/3291","targetHints":{"allow":["GET"]}}],"collection":[{"href":"https:\/\/www.fas.it\/en\/wp-json\/wp\/v2\/pages"}],"about":[{"href":"https:\/\/www.fas.it\/en\/wp-json\/wp\/v2\/types\/page"}],"author":[{"embeddable":true,"href":"https:\/\/www.fas.it\/en\/wp-json\/wp\/v2\/users\/1"}],"replies":[{"embeddable":true,"href":"https:\/\/www.fas.it\/en\/wp-json\/wp\/v2\/comments?post=3291"}],"version-history":[{"count":1,"href":"https:\/\/www.fas.it\/en\/wp-json\/wp\/v2\/pages\/3291\/revisions"}],"predecessor-version":[{"id":3292,"href":"https:\/\/www.fas.it\/en\/wp-json\/wp\/v2\/pages\/3291\/revisions\/3292"}],"wp:attachment":[{"href":"https:\/\/www.fas.it\/en\/wp-json\/wp\/v2\/media?parent=3291"}],"curies":[{"name":"wp","href":"https:\/\/api.w.org\/{rel}","templated":true}]}}