{"id":5163,"date":"2025-07-18T11:48:35","date_gmt":"2025-07-18T09:48:35","guid":{"rendered":"https:\/\/fas.it\/governance\/"},"modified":"2026-01-20T10:30:52","modified_gmt":"2026-01-20T09:30:52","slug":"governance","status":"publish","type":"page","link":"https:\/\/www.fas.it\/de\/governance\/","title":{"rendered":"Governance"},"content":{"rendered":"\n<section class=\"block-hero-parallax\">\n  <div class=\"block-hero-parallax__image\">\n    <template x-if=\"$store.layout.isMobile\">\n      \n\n\n\n\t<span\n    x-ref=\"$el\"\n    :class=\"[\n      'base-image',\n      lazy ? '-is-lazy' : '',\n      loaded ? '-is-loaded' : ''\n    ]\"\n    data-lazy=\"true\"\n    x-intersect.once=\"onintersect\"\n    x-data=\"image\"\n    style=\"--w: 750; --h: 928;\"\n    >\n\n  \t\t<picture class=\"base-image__picture\" x-ref=\"$picture\">\n\n\t\t\t\t\t\t\t<source media=\"(max-width: 1024px)\" data-srcset=\"https:\/\/www.fas.it\/app\/uploads\/2025\/10\/fas-governance-hero-M.webp\" type=\"image\/webp\">\n\t\t\t\t<source media=\"(max-width: 1024px)\" data-srcset=\"https:\/\/www.fas.it\/app\/uploads\/2025\/10\/fas-governance-hero-M.jpg\" type=\"image\/jpeg\">\n\t\t\t\t\t\t<source data-srcset=\"https:\/\/www.fas.it\/app\/uploads\/2025\/10\/fas-governance-hero-M.webp\" type=\"image\/webp\">\n\t\t\t<source data-srcset=\"https:\/\/www.fas.it\/app\/uploads\/2025\/10\/fas-governance-hero-M.jpg\" type=\"image\/jpeg\">\n\n\t\t\t\t\t\t\t<img x-ref=\"$image\" loading=\"lazy\" data-srcset=\"https:\/\/www.fas.it\/app\/uploads\/2025\/10\/fas-governance-hero-M@1x.jpg 1x, https:\/\/www.fas.it\/app\/uploads\/2025\/10\/fas-governance-hero-M@2x.jpg 2x, https:\/\/www.fas.it\/app\/uploads\/2025\/10\/fas-governance-hero-M@3x.jpg 3x, https:\/\/www.fas.it\/app\/uploads\/2025\/10\/fas-governance-hero-M@4x.jpg 4x\" data-src=\"https:\/\/www.fas.it\/app\/uploads\/2025\/10\/fas-governance-hero-M.jpg\" alt=\"fas-governance-hero-M\" width=\"750\" height=\"928\" @load.once=\"onload\">\n\t\t\t\n\t\t<\/picture>\n\t<\/span>\n    <\/template>\n    <template x-if=\"!$store.layout.isMobile\">\n      \n\n\n\n\t<span\n    x-ref=\"$el\"\n    :class=\"[\n      'base-image',\n      lazy ? '-is-lazy' : '',\n      loaded ? '-is-loaded' : ''\n    ]\"\n    data-lazy=\"true\"\n    x-intersect.once=\"onintersect\"\n    x-data=\"image\"\n    style=\"--w: 2560; --h: 1031;\"\n    >\n\n  \t\t<picture class=\"base-image__picture\" x-ref=\"$picture\">\n\n\t\t\t\t\t\t\t<source media=\"(max-width: 1024px)\" data-srcset=\"https:\/\/www.fas.it\/app\/uploads\/2025\/10\/fas-governance-hero-min-1024x412.webp\" type=\"image\/webp\">\n\t\t\t\t<source media=\"(max-width: 1024px)\" data-srcset=\"https:\/\/www.fas.it\/app\/uploads\/2025\/10\/fas-governance-hero-min-1024x412.jpg\" type=\"image\/jpeg\">\n\t\t\t\t\t\t<source data-srcset=\"https:\/\/www.fas.it\/app\/uploads\/2025\/10\/fas-governance-hero-min-scaled.webp\" type=\"image\/webp\">\n\t\t\t<source data-srcset=\"https:\/\/www.fas.it\/app\/uploads\/2025\/10\/fas-governance-hero-min-scaled.jpg\" type=\"image\/jpeg\">\n\n\t\t\t\t\t\t\t<img x-ref=\"$image\" loading=\"lazy\" data-srcset=\"https:\/\/www.fas.it\/app\/uploads\/2025\/10\/fas-governance-hero-min-scaled@1x.jpg 1x, https:\/\/www.fas.it\/app\/uploads\/2025\/10\/fas-governance-hero-min-scaled@2x.jpg 2x, https:\/\/www.fas.it\/app\/uploads\/2025\/10\/fas-governance-hero-min-scaled@3x.jpg 3x, https:\/\/www.fas.it\/app\/uploads\/2025\/10\/fas-governance-hero-min-scaled@4x.jpg 4x\" data-src=\"https:\/\/www.fas.it\/app\/uploads\/2025\/10\/fas-governance-hero-min-scaled.jpg\" alt=\"fas-governance-hero-min\" width=\"2560\" height=\"1031\" @load.once=\"onload\">\n\t\t\t\n\t\t<\/picture>\n\t<\/span>\n    <\/template>\n  <\/div>\n  <div class=\"block-hero-parallax__row\">\n    <div class=\"block-hero-parallax__column\">\n      <h1 class=\"block-hero-parallax__title\" data-inview data-split>Die Transparenz, die jede Entscheidung leitet<\/h1>\n    <\/div>\n    <div class=\"block-hero-parallax__column\">\n      <h6 class=\"block-hero-parallax__subtitle\" data-inview>Responsabilit\u00e0, sostenibilit\u00e0 e integrit\u00e0 al centro<\/h6>\n    <\/div>\n  <\/div>\n<\/section>\n\n\n<section class=\"block-spacer -bg-white -space-xl\">\n\n<\/section>\n\n\n<section  class=\"block-content-left -bg-white -content-mode-text\">\n  <div class=\"block-content-left__row\">\n          <p class=\"block-content-left__text\" data-inview>Bei FAS sind wir \u00fcberzeugt, dass Innovation und nachhaltiges Wachstum nur durch ein verantwortungsvolles, transparentes und langfristig orientiertes Management m\u00f6glich sind. Deshalb wenden wir internationale Standards, strenge interne Richtlinien und einen Ethikkodex an, der unser gesamtes Handeln leitet.\r\nIn diesem Bereich finden Sie offizielle Dokumente und verschiedene Instrumente, um mehr \u00fcber unsere Werte und unser Engagement f\u00fcr Rechtskonformit\u00e4t, Qualit\u00e4t und Unternehmensethik zu erfahren. <\/p>\n      <\/div>\n<\/section>\n\n\n<section class=\"block-spacer -bg-white -space-tera\">\n\n<\/section>\n\n\n<section  class=\"block-content-left -bg-white -content-mode-pretitle_and_title\">\n  <div class=\"block-content-left__row\">\n          <div class=\"block-content-left__column\">\n        <p class=\"block-content-left__pretitle\" data-inview>Unsere Zertifizierungen<\/p>\n        <hr>\n      <\/div>\n      <h2 class=\"block-content-left__title \" data-inview data-split>Ein konkretes Engagement, best\u00e4tigt durch internationale Normen<\/h2>\n      <\/div>\n<\/section>\n\n\n<section class=\"block-spacer -bg-white -space-xl\">\n\n<\/section>\n\n\n<section class=\"block-cards-downloads -bg-white\">\n      <div class=\"block-cards-downloads__single -bg-light-light-grey\">\n      <h4 class=\"block-cards-downloads__title\" data-inview data-split>ISO 9001<\/h3>\n      <div class=\"block-cards-downloads__text\">\n        <p data-inview>Qualit\u00e4t<\/p>\n        <hr>\n      <\/div>\n      \n\n\n<div class=\"\n    base-button\n    \n    -icon\n    -primary\n    \n  \">\n\t\t\t<a href=\"https:\/\/www.fas.it\/app\/uploads\/2025\/10\/FAS-SpA-ISO-9001_2015-scad.-13_05_27.pdf\" aria-label=\"PDF herunterladen\" target=\"_blank\" class=\"base-button__wrapper\" >\n                <span class=\"base-button__label\">\n          PDF herunterladen\n        <\/span>\n                  <span class=\"base-button__icon\">\n              \n  <span class=\"base-icon\"><svg width=\"24\" height=\"24\" viewBox=\"0 0 24 24\" fill=\"none\" xmlns=\"http:\/\/www.w3.org\/2000\/svg\">\n<path d=\"M12.2295 13.5726V3.0726\" stroke=\"currentColor\" stroke-width=\"0.75\" stroke-linecap=\"round\" stroke-linejoin=\"round\"\/>\n<path d=\"M20.4795 13.5726V19.5726H3.97949V13.5726\" stroke=\"currentColor\" stroke-width=\"0.75\" stroke-linecap=\"round\" stroke-linejoin=\"round\"\/>\n<path d=\"M15.9795 9.8226L12.2295 13.5726L8.47949 9.8226\" stroke=\"currentColor\" stroke-width=\"0.75\" stroke-linecap=\"round\" stroke-linejoin=\"round\"\/>\n<\/svg>\n<\/span>\n          <\/span>\n        \t\t<\/a>\n  <\/div>\n    <\/div>\n      <div class=\"block-cards-downloads__single -bg-light-light-grey\">\n      <h4 class=\"block-cards-downloads__title\" data-inview data-split>ISO 14001<\/h3>\n      <div class=\"block-cards-downloads__text\">\n        <p data-inview>Umwelt<\/p>\n        <hr>\n      <\/div>\n      \n\n\n<div class=\"\n    base-button\n    \n    -icon\n    -primary\n    \n  \">\n\t\t\t<a href=\"https:\/\/www.fas.it\/app\/uploads\/2025\/10\/FAS-SpA-ISO-14001_2015-scad.-23_05_28.pdf\" aria-label=\"PDF herunterladen\" target=\"_blank\" class=\"base-button__wrapper\" >\n                <span class=\"base-button__label\">\n          PDF herunterladen\n        <\/span>\n                  <span class=\"base-button__icon\">\n              \n  <span class=\"base-icon\"><svg width=\"24\" height=\"24\" viewBox=\"0 0 24 24\" fill=\"none\" xmlns=\"http:\/\/www.w3.org\/2000\/svg\">\n<path d=\"M12.2295 13.5726V3.0726\" stroke=\"currentColor\" stroke-width=\"0.75\" stroke-linecap=\"round\" stroke-linejoin=\"round\"\/>\n<path d=\"M20.4795 13.5726V19.5726H3.97949V13.5726\" stroke=\"currentColor\" stroke-width=\"0.75\" stroke-linecap=\"round\" stroke-linejoin=\"round\"\/>\n<path d=\"M15.9795 9.8226L12.2295 13.5726L8.47949 9.8226\" stroke=\"currentColor\" stroke-width=\"0.75\" stroke-linecap=\"round\" stroke-linejoin=\"round\"\/>\n<\/svg>\n<\/span>\n          <\/span>\n        \t\t<\/a>\n  <\/div>\n    <\/div>\n  <\/section>\n\n\n<section class=\"block-spacer -bg-white -space-tera\">\n\n<\/section>\n\n\n<section class=\"block-spacer -bg-light-grey -space-kilo\">\n\n<\/section>\n\n\n<section  class=\"block-content-left -bg-light-grey -content-mode-pretitle_and_title\">\n  <div class=\"block-content-left__row\">\n          <div class=\"block-content-left__column\">\n        <p class=\"block-content-left__pretitle\" data-inview>Unternehmensdokumentation<\/p>\n        <hr>\n      <\/div>\n      <h2 class=\"block-content-left__title \" data-inview data-split>Unternehmerische Integrit\u00e4t<\/h2>\n      <\/div>\n<\/section>\n\n\n<section class=\"block-spacer -bg-light-grey -space-xl\">\n\n<\/section>\n\n\n<section class=\"block-cards-downloads -bg-light-grey\">\n      <div class=\"block-cards-downloads__single -bg-white\">\n      <h4 class=\"block-cards-downloads__title\" data-inview data-split>Ethikkodex<\/h3>\n      <div class=\"block-cards-downloads__text\">\n        <p data-inview>Organisationsmodell Kontrollmanagement<\/p>\n        <hr>\n      <\/div>\n      \n\n\n<div class=\"\n    base-button\n    \n    -icon\n    -primary\n    \n  \">\n\t\t\t<a href=\"https:\/\/www.fas.it\/app\/uploads\/2025\/10\/cod-Etico.pdf\" aria-label=\"PDF herunterladen\" target=\"_blank\" class=\"base-button__wrapper\" >\n                <span class=\"base-button__label\">\n          PDF herunterladen\n        <\/span>\n                  <span class=\"base-button__icon\">\n              \n  <span class=\"base-icon\"><svg width=\"24\" height=\"24\" viewBox=\"0 0 24 24\" fill=\"none\" xmlns=\"http:\/\/www.w3.org\/2000\/svg\">\n<path d=\"M12.2295 13.5726V3.0726\" stroke=\"currentColor\" stroke-width=\"0.75\" stroke-linecap=\"round\" stroke-linejoin=\"round\"\/>\n<path d=\"M20.4795 13.5726V19.5726H3.97949V13.5726\" stroke=\"currentColor\" stroke-width=\"0.75\" stroke-linecap=\"round\" stroke-linejoin=\"round\"\/>\n<path d=\"M15.9795 9.8226L12.2295 13.5726L8.47949 9.8226\" stroke=\"currentColor\" stroke-width=\"0.75\" stroke-linecap=\"round\" stroke-linejoin=\"round\"\/>\n<\/svg>\n<\/span>\n          <\/span>\n        \t\t<\/a>\n  <\/div>\n    <\/div>\n      <div class=\"block-cards-downloads__single -bg-white\">\n      <h4 class=\"block-cards-downloads__title\" data-inview data-split>Ganzheitliche Politik<\/h3>\n      <div class=\"block-cards-downloads__text\">\n        <p data-inview>Qualit\u00e4t, Umwelt, Sicherheit und Gesundheit<\/p>\n        <hr>\n      <\/div>\n      \n\n\n<div class=\"\n    base-button\n    \n    -icon\n    -primary\n    \n  \">\n\t\t\t<a href=\"https:\/\/www.fas.it\/app\/uploads\/2025\/10\/MSGIa3_Politica-firmato.pdf\" aria-label=\"PDF herunterladen\" target=\"_blank\" class=\"base-button__wrapper\" >\n                <span class=\"base-button__label\">\n          PDF herunterladen\n        <\/span>\n                  <span class=\"base-button__icon\">\n              \n  <span class=\"base-icon\"><svg width=\"24\" height=\"24\" viewBox=\"0 0 24 24\" fill=\"none\" xmlns=\"http:\/\/www.w3.org\/2000\/svg\">\n<path d=\"M12.2295 13.5726V3.0726\" stroke=\"currentColor\" stroke-width=\"0.75\" stroke-linecap=\"round\" stroke-linejoin=\"round\"\/>\n<path d=\"M20.4795 13.5726V19.5726H3.97949V13.5726\" stroke=\"currentColor\" stroke-width=\"0.75\" stroke-linecap=\"round\" stroke-linejoin=\"round\"\/>\n<path d=\"M15.9795 9.8226L12.2295 13.5726L8.47949 9.8226\" stroke=\"currentColor\" stroke-width=\"0.75\" stroke-linecap=\"round\" stroke-linejoin=\"round\"\/>\n<\/svg>\n<\/span>\n          <\/span>\n        \t\t<\/a>\n  <\/div>\n    <\/div>\n  <\/section>\n\n\n<section class=\"block-spacer -bg-light-grey -space-kilo\">\n\n<\/section>\n\n\n<section class=\"block-spacer -bg-white -space-kilo\">\n\n<\/section>\n\n\n<section  class=\"block-content-half-columns -bg-white -content-mode-title_text_image\">\n  <div class=\"block-content-half-columns__row\">\n    <div class=\"block-content-half-columns__column\">\n          <h6 class=\"block-content-half-columns__title\" data-inview data-split>Segnalazioni<\/h6>\n      <p class=\"block-content-half-columns__text\" data-inview>FAS stellt einen vertraulichen und gesch\u00fctzten Kanal f\u00fcr Meldungen \u00fcber rechtswidriges Verhalten, Verst\u00f6\u00dfe gegen den Ethikkodex oder Unregelm\u00e4\u00dfigkeiten im Unternehmen zur Verf\u00fcgung.\r\nDas Portal garantiert ein H\u00f6chstma\u00df an Vertraulichkeit und Anonymit\u00e4t unter vollst\u00e4ndiger Einhaltung der geltenden Rechtsvorschriften.<\/p>\n              \n\n\n<div class=\"\n    base-button\n    \n    -icon\n    -primary\n    \n  \">\n\t\t\t<a href=\"https:\/\/fasinternational.cpkeeper.online\/keeper\/available-configuration-\" aria-label=\"Zum Portal\" target=\"_self\" class=\"base-button__wrapper\" >\n                <span class=\"base-button__label\">\n          Zum Portal\n        <\/span>\n                  <span class=\"base-button__icon\">\n              \n  <span class=\"base-icon\"><svg width=\"24\" height=\"24\" viewBox=\"0 0 24 24\" fill=\"none\" xmlns=\"http:\/\/www.w3.org\/2000\/svg\">\n<path d=\"M4.63379 12H19.6338M19.6338 12L13.6338 6M19.6338 12L13.6338 18\" stroke=\"currentColor\" stroke-linecap=\"round\" stroke-linejoin=\"round\"\/>\n<\/svg>\n<\/span>\n          <\/span>\n        \t\t<\/a>\n  <\/div>\n              <\/div>\n    <div class=\"block-content-half-columns__column\">\n              \n\n\n\n\t<span\n    x-ref=\"$el\"\n    :class=\"[\n      'base-image',\n      lazy ? '-is-lazy' : '',\n      loaded ? '-is-loaded' : ''\n    ]\"\n    data-lazy=\"true\"\n    x-intersect.once=\"onintersect\"\n    x-data=\"image\"\n    style=\"--w: 1385; --h: 1620;\"\n    >\n\n  \t\t<picture class=\"base-image__picture\" x-ref=\"$picture\">\n\n\t\t\t\t\t\t\t<source media=\"(max-width: 1024px)\" data-srcset=\"https:\/\/www.fas.it\/app\/uploads\/2025\/10\/lancio-portale-fas-min-875x1024.webp\" type=\"image\/webp\">\n\t\t\t\t<source media=\"(max-width: 1024px)\" data-srcset=\"https:\/\/www.fas.it\/app\/uploads\/2025\/10\/lancio-portale-fas-min-875x1024.jpg\" type=\"image\/jpeg\">\n\t\t\t\t\t\t<source data-srcset=\"https:\/\/www.fas.it\/app\/uploads\/2025\/10\/lancio-portale-fas-min.webp\" type=\"image\/webp\">\n\t\t\t<source data-srcset=\"https:\/\/www.fas.it\/app\/uploads\/2025\/10\/lancio-portale-fas-min.jpg\" type=\"image\/jpeg\">\n\n\t\t\t\t\t\t\t<img x-ref=\"$image\" loading=\"lazy\" data-srcset=\"https:\/\/www.fas.it\/app\/uploads\/2025\/10\/lancio-portale-fas-min@1x.jpg 1x, https:\/\/www.fas.it\/app\/uploads\/2025\/10\/lancio-portale-fas-min@2x.jpg 2x, https:\/\/www.fas.it\/app\/uploads\/2025\/10\/lancio-portale-fas-min@3x.jpg 3x, https:\/\/www.fas.it\/app\/uploads\/2025\/10\/lancio-portale-fas-min@4x.jpg 4x\" data-src=\"https:\/\/www.fas.it\/app\/uploads\/2025\/10\/lancio-portale-fas-min.jpg\" alt=\"lancio-portale-fas-min\" width=\"1385\" height=\"1620\" @load.once=\"onload\">\n\t\t\t\n\t\t<\/picture>\n\t<\/span>\n          <\/div>\n  <\/div>\n<\/section>\n\n","protected":false},"excerpt":{"rendered":"","protected":false},"author":1,"featured_media":0,"parent":0,"menu_order":0,"comment_status":"closed","ping_status":"closed","template":"","meta":{"_acf_changed":false,"footnotes":""},"class_list":["post-5163","page","type-page","status-publish","hentry"],"acf":[],"yoast_head":"<!-- This site is optimized with the Yoast SEO plugin v23.9 - https:\/\/yoast.com\/wordpress\/plugins\/seo\/ -->\n<title>Governance - Fas international<\/title>\n<meta name=\"description\" content=\"Unternehmensethik. Entdecken Sie die Unternehmensstruktur, den Verhaltenskodex und die Transparenzprinzipien, die FAS leiten.\" \/>\n<meta name=\"robots\" content=\"index, follow, max-snippet:-1, max-image-preview:large, max-video-preview:-1\" \/>\n<link rel=\"canonical\" href=\"https:\/\/www.fas.it\/de\/governance\/\" \/>\n<meta property=\"og:locale\" content=\"de_DE\" \/>\n<meta property=\"og:type\" content=\"article\" \/>\n<meta property=\"og:title\" content=\"Governance - Fas international\" \/>\n<meta property=\"og:description\" content=\"Unternehmensethik. Entdecken Sie die Unternehmensstruktur, den Verhaltenskodex und die Transparenzprinzipien, die FAS leiten.\" \/>\n<meta property=\"og:url\" content=\"https:\/\/www.fas.it\/de\/governance\/\" \/>\n<meta property=\"og:site_name\" content=\"Fas international\" \/>\n<meta property=\"article:modified_time\" content=\"2026-01-20T09:30:52+00:00\" \/>\n<meta name=\"twitter:card\" content=\"summary_large_image\" \/>\n<!-- \/ Yoast SEO plugin. -->","yoast_head_json":{"title":"Governance - Fas international","description":"Unternehmensethik. Entdecken Sie die Unternehmensstruktur, den Verhaltenskodex und die Transparenzprinzipien, die FAS leiten.","robots":{"index":"index","follow":"follow","max-snippet":"max-snippet:-1","max-image-preview":"max-image-preview:large","max-video-preview":"max-video-preview:-1"},"canonical":"https:\/\/www.fas.it\/de\/governance\/","og_locale":"de_DE","og_type":"article","og_title":"Governance - Fas international","og_description":"Unternehmensethik. Entdecken Sie die Unternehmensstruktur, den Verhaltenskodex und die Transparenzprinzipien, die FAS leiten.","og_url":"https:\/\/www.fas.it\/de\/governance\/","og_site_name":"Fas international","article_modified_time":"2026-01-20T09:30:52+00:00","twitter_card":"summary_large_image","schema":{"@context":"https:\/\/schema.org","@graph":[{"@type":"WebPage","@id":"https:\/\/www.fas.it\/de\/governance\/","url":"https:\/\/www.fas.it\/de\/governance\/","name":"Governance - Fas international","isPartOf":{"@id":"https:\/\/www.fas.it\/de\/#website"},"datePublished":"2025-07-18T09:48:35+00:00","dateModified":"2026-01-20T09:30:52+00:00","description":"Unternehmensethik. Entdecken Sie die Unternehmensstruktur, den Verhaltenskodex und die Transparenzprinzipien, die FAS leiten.","breadcrumb":{"@id":"https:\/\/www.fas.it\/de\/governance\/#breadcrumb"},"inLanguage":"de-DE","potentialAction":[{"@type":"ReadAction","target":["https:\/\/www.fas.it\/de\/governance\/"]}]},{"@type":"BreadcrumbList","@id":"https:\/\/www.fas.it\/de\/governance\/#breadcrumb","itemListElement":[{"@type":"ListItem","position":1,"name":"Home","item":"https:\/\/www.fas.it\/de\/"},{"@type":"ListItem","position":2,"name":"Governance"}]},{"@type":"WebSite","@id":"https:\/\/www.fas.it\/de\/#website","url":"https:\/\/www.fas.it\/de\/","name":"Fas international","description":"","potentialAction":[{"@type":"SearchAction","target":{"@type":"EntryPoint","urlTemplate":"https:\/\/www.fas.it\/de\/?s={search_term_string}"},"query-input":{"@type":"PropertyValueSpecification","valueRequired":true,"valueName":"search_term_string"}}],"inLanguage":"de-DE"}]}},"_links":{"self":[{"href":"https:\/\/www.fas.it\/de\/wp-json\/wp\/v2\/pages\/5163","targetHints":{"allow":["GET"]}}],"collection":[{"href":"https:\/\/www.fas.it\/de\/wp-json\/wp\/v2\/pages"}],"about":[{"href":"https:\/\/www.fas.it\/de\/wp-json\/wp\/v2\/types\/page"}],"author":[{"embeddable":true,"href":"https:\/\/www.fas.it\/de\/wp-json\/wp\/v2\/users\/1"}],"replies":[{"embeddable":true,"href":"https:\/\/www.fas.it\/de\/wp-json\/wp\/v2\/comments?post=5163"}],"version-history":[{"count":1,"href":"https:\/\/www.fas.it\/de\/wp-json\/wp\/v2\/pages\/5163\/revisions"}],"predecessor-version":[{"id":5164,"href":"https:\/\/www.fas.it\/de\/wp-json\/wp\/v2\/pages\/5163\/revisions\/5164"}],"wp:attachment":[{"href":"https:\/\/www.fas.it\/de\/wp-json\/wp\/v2\/media?parent=5163"}],"curies":[{"name":"wp","href":"https:\/\/api.w.org\/{rel}","templated":true}]}}